{"id":40,"date":"2020-09-02T17:15:00","date_gmt":"2020-09-02T15:15:00","guid":{"rendered":"http:\/\/www.lmevidence.sav.sk\/?page_id=40"},"modified":"2021-11-15T10:26:34","modified_gmt":"2021-11-15T09:26:34","slug":"prezentacie","status":"publish","type":"page","link":"http:\/\/www.lmevidence.sav.sk\/?page_id=40","title":{"rendered":"Prezent\u00e1cie"},"content":{"rendered":"<div id=\"themify_builder_content-40\" data-postid=\"40\" class=\"themify_builder_content themify_builder_content-40 themify_builder\">\n    \t<!-- module_row -->\n\t<div   class=\"themify_builder_row module_row clearfix module_row_0 themify_builder_40_row module_row_40-0 tb_e1g0684\">\n\t    \t    <div class=\"row_inner col_align_top\" >\n\t\t\t<div  class=\"module_column tb-column col-full first tb_40_column module_column_0 module_column_40-0-0 tb_8h16684\">\n\t    \t    \t        <div class=\"tb-column-inner\">\n\t\t    <!-- module text -->\n<div  class=\"module module-text tb_670o302    \">\n            <div  class=\"tb_text_wrap\">\n    <h3>Zoznam prezent\u00e1ci\u00ed v r\u00e1mci projektu:<\/h3>    <\/div>\n<\/div>\n<!-- \/module text -->\n\t        <\/div>\n\t    \t<\/div>\n\t\t    <\/div>\n\t    <!-- \/row_inner -->\n\t<\/div>\n\t<!-- \/module_row -->\n\t<\/div>\n\n\n\n\n<div class=\"wp-block-file aligncenter\"><a href=\"http:\/\/www.lmevidence.sav.sk\/wp-content\/uploads\/2020\/09\/Stefanik_VZAM_microsim_migration.pdf\">Stefanik_VZAM_microsim_migration<\/a><a href=\"http:\/\/www.lmevidence.sav.sk\/wp-content\/uploads\/2020\/09\/Stefanik_VZAM_microsim_migration.pdf\" class=\"wp-block-file__button\" download>Stiahnu\u0165<\/a><\/div>\n\n\n\n<p><\/p>\n","protected":false},"excerpt":{"rendered":"","protected":false},"author":1,"featured_media":0,"parent":0,"menu_order":0,"comment_status":"closed","ping_status":"closed","template":"","meta":{"footnotes":""},"class_list":["post-40","page","type-page","status-publish","hentry","has-post-title","has-post-date","has-post-category","has-post-tag","has-post-comment","has-post-author",""],"builder_content":"<h3>Zoznam prezent\u00e1ci\u00ed v r\u00e1mci projektu:<\/h3>","_links":{"self":[{"href":"http:\/\/www.lmevidence.sav.sk\/index.php?rest_route=\/wp\/v2\/pages\/40"}],"collection":[{"href":"http:\/\/www.lmevidence.sav.sk\/index.php?rest_route=\/wp\/v2\/pages"}],"about":[{"href":"http:\/\/www.lmevidence.sav.sk\/index.php?rest_route=\/wp\/v2\/types\/page"}],"author":[{"embeddable":true,"href":"http:\/\/www.lmevidence.sav.sk\/index.php?rest_route=\/wp\/v2\/users\/1"}],"replies":[{"embeddable":true,"href":"http:\/\/www.lmevidence.sav.sk\/index.php?rest_route=%2Fwp%2Fv2%2Fcomments&post=40"}],"version-history":[{"count":22,"href":"http:\/\/www.lmevidence.sav.sk\/index.php?rest_route=\/wp\/v2\/pages\/40\/revisions"}],"predecessor-version":[{"id":397,"href":"http:\/\/www.lmevidence.sav.sk\/index.php?rest_route=\/wp\/v2\/pages\/40\/revisions\/397"}],"wp:attachment":[{"href":"http:\/\/www.lmevidence.sav.sk\/index.php?rest_route=%2Fwp%2Fv2%2Fmedia&parent=40"}],"curies":[{"name":"wp","href":"https:\/\/api.w.org\/{rel}","templated":true}]}}