{"id":34,"date":"2020-09-02T17:14:03","date_gmt":"2020-09-02T15:14:03","guid":{"rendered":"http:\/\/www.lmevidence.sav.sk\/?page_id=34"},"modified":"2021-11-15T10:20:04","modified_gmt":"2021-11-15T09:20:04","slug":"historia","status":"publish","type":"page","link":"http:\/\/www.lmevidence.sav.sk\/?page_id=34","title":{"rendered":"Hist\u00f3ria"},"content":{"rendered":"<div id=\"themify_builder_content-34\" data-postid=\"34\" class=\"themify_builder_content themify_builder_content-34 themify_builder\">\n    \t<!-- module_row -->\n\t<div   class=\"themify_builder_row module_row clearfix module_row_0 themify_builder_34_row module_row_34-0 tb_zjlw935\">\n\t    \t    <div class=\"row_inner col_align_top\" >\n\t\t\t<div  class=\"module_column tb-column col-full first tb_34_column module_column_0 module_column_34-0-0 tb_py03936\">\n\t    \t    \t        <div class=\"tb-column-inner\">\n\t\t    <!-- module text -->\n<div  class=\"module module-text tb_8vyu944    \">\n            <div  class=\"tb_text_wrap\">\n    <h1 style=\"text-align: center;\">Predch\u00e1dzaj\u00face projekty APVV a publik\u00e1cie<\/h1>    <\/div>\n<\/div>\n<!-- \/module text -->\n\t        <\/div>\n\t    \t<\/div>\n\t\t    <\/div>\n\t    <!-- \/row_inner -->\n\t<\/div>\n\t<!-- \/module_row -->\n\t\t<!-- module_row -->\n\t<div  class=\"themify_builder_row module_row clearfix module_row_1 themify_builder_34_row module_row_34-1 tb_2kc9925\">\n\t    \t    <div class=\"row_inner col_align_top\" >\n\t\t\t<div  class=\"module_column tb-column col-full first tb_34_column module_column_0 module_column_34-1-0 tb_mgms926\">\n\t    \t    \t        <div class=\"tb-column-inner\">\n\t\t        <!-- module divider -->\n    <div  class=\"module module-divider tb_a4k1936 solid    \" style=\"border-width: 3px;border-color: #000000;margin-top: 50px;\">\n\t            <\/div>\n    <!-- \/module divider -->\n\t        <\/div>\n\t    \t<\/div>\n\t\t    <\/div>\n\t    <!-- \/row_inner -->\n\t<\/div>\n\t<!-- \/module_row -->\n\t\t<!-- module_row -->\n\t<div   class=\"themify_builder_row module_row clearfix module_row_2 themify_builder_34_row module_row_34-2 tb_0498861\">\n\t    \t    <div class=\"row_inner col_align_top\" >\n\t\t\t<div  class=\"module_column tb-column col-full first tb_34_column module_column_0 module_column_34-2-0 tb_kydb861\">\n\t    \t    \t        <div class=\"tb-column-inner\">\n\t\t    <!-- module text -->\n<div  class=\"module module-text tb_lt9a350    \">\n            <div  class=\"tb_text_wrap\">\n    <h3><a href=\"http:\/\/ekonom.sav.sk\/sk\/projekty\/riesenie-spolocenskych-vyziev-v-oblasti-tvorby-politiky-trhu-prace-zalozenej-na-vedeckych-informaciach-p141\" target=\"_blank\" rel=\"noopener\">Rie\u0161enie spolo\u010densk\u00fdch v\u00fdziev v oblasti tvorby politiky trhu pr\u00e1ce zalo\u017eenej na vedeck\u00fdch inform\u00e1ci\u00e1ch<\/a><\/h3>\n<p><span style=\"color: #000000;\">Doba rie\u0161enia projektu: 7\/2015-12\/2018<\/span><br \/><span style=\"color: #000000;\">Eviden\u010dn\u00e9 \u010d\u00edslo projektu: APVV-14-0324<\/span><\/p>    <\/div>\n<\/div>\n<!-- \/module text -->\n\t        <\/div>\n\t    \t<\/div>\n\t\t    <\/div>\n\t    <!-- \/row_inner -->\n\t<\/div>\n\t<!-- \/module_row -->\n\t\t<!-- module_row -->\n\t<div  class=\"themify_builder_row module_row clearfix module_row_3 themify_builder_34_row module_row_34-3 tb_2ol9933\">\n\t    \t    <div class=\"row_inner col_align_top\" >\n\t\t\t<div  class=\"module_column tb-column col3-1 first tb_34_column module_column_0 module_column_34-3-0 tb_zm8f934\">\n\t    \t    \t        <div class=\"tb-column-inner\">\n\t\t        <!-- module image -->\n    <div  class=\"module module-image tb_141u502  image-center  \">\n\t                <div class=\"image-wrap\">\n                            <img decoding=\"async\" src=\"http:\/\/www.lmevidence.sav.sk\/wp-content\/uploads\/2020\/09\/labour_market_in_slovakia_2019-724x1024-120x169.jpg\" width=\"120\" class=\" wp-post-image wp-image-138\" alt=\"labour_market_in_slovakia_2019\" srcset=\"http:\/\/www.lmevidence.sav.sk\/wp-content\/uploads\/2020\/09\/labour_market_in_slovakia_2019-724x1024-120x169.jpg 120w, http:\/\/www.lmevidence.sav.sk\/wp-content\/uploads\/2020\/09\/labour_market_in_slovakia_2019-212x300.jpg 212w, http:\/\/www.lmevidence.sav.sk\/wp-content\/uploads\/2020\/09\/labour_market_in_slovakia_2019-724x1024.jpg 724w, http:\/\/www.lmevidence.sav.sk\/wp-content\/uploads\/2020\/09\/labour_market_in_slovakia_2019.jpg 726w\" sizes=\"(max-width: 120px) 100vw, 120px\" \/>            \n                        <\/div>\n            <!-- \/image-wrap -->\n        \n        \n        <\/div>\n    <!-- \/module image -->\n<!-- module text -->\n<div  class=\"module module-text tb_uqqt806    \">\n            <div  class=\"tb_text_wrap\">\n    <h4><a href=\"http:\/\/ekonom.sav.sk\/sk\/publikacie\/-p390\" target=\"_blank\" rel=\"noopener\">LABOUR MARKET IN SLOVAKIA 2019+<\/a><\/h4>    <\/div>\n<\/div>\n<!-- \/module text -->\n\t        <\/div>\n\t    \t<\/div>\n\t\t<div  class=\"module_column tb-column col3-1 middle tb_34_column module_column_1 module_column_34-3-1 tb_wck1934\">\n\t    \t    \t        <div class=\"tb-column-inner\">\n\t\t        <!-- module image -->\n    <div  class=\"module module-image tb_qkfs621  image-center  \">\n\t                <div class=\"image-wrap\">\n                            <img decoding=\"async\" src=\"http:\/\/www.lmevidence.sav.sk\/wp-content\/uploads\/2020\/09\/labour_market_in_slovakia_2017-120x168.jpg\" width=\"120\" class=\" wp-post-image wp-image-137\" alt=\"labour_market_in_slovakia_2017\" srcset=\"http:\/\/www.lmevidence.sav.sk\/wp-content\/uploads\/2020\/09\/labour_market_in_slovakia_2017-120x168.jpg 120w, http:\/\/www.lmevidence.sav.sk\/wp-content\/uploads\/2020\/09\/labour_market_in_slovakia_2017-213x300.jpg 213w, http:\/\/www.lmevidence.sav.sk\/wp-content\/uploads\/2020\/09\/labour_market_in_slovakia_2017.jpg 585w\" sizes=\"(max-width: 120px) 100vw, 120px\" \/>            \n                        <\/div>\n            <!-- \/image-wrap -->\n        \n        \n        <\/div>\n    <!-- \/module image -->\n<!-- module text -->\n<div  class=\"module module-text tb_wadf693    \">\n            <div  class=\"tb_text_wrap\">\n    <h4><a href=\"http:\/\/ekonom.sav.sk\/sk\/publikacie\/-p358\" target=\"_blank\" rel=\"noopener\">LABOUR MARKET IN SLOVAKIA 2017+<\/a><\/h4>    <\/div>\n<\/div>\n<!-- \/module text -->\n\t        <\/div>\n\t    \t<\/div>\n\t\t<div  class=\"module_column tb-column col3-1 last tb_34_column module_column_2 module_column_34-3-2 tb_ice6934\">\n\t    \t    \t        <div class=\"tb-column-inner\">\n\t\t        <!-- module image -->\n    <div  class=\"module module-image tb_htzv996  image-center  \">\n\t                <div class=\"image-wrap\">\n                            <img decoding=\"async\" src=\"http:\/\/www.lmevidence.sav.sk\/wp-content\/uploads\/2020\/09\/trh_prace_lubyovastefanik-120x168.jpg\" width=\"120\" class=\" wp-post-image wp-image-140\" alt=\"trh_prace_lubyovastefanik\" srcset=\"http:\/\/www.lmevidence.sav.sk\/wp-content\/uploads\/2020\/09\/trh_prace_lubyovastefanik-120x168.jpg 120w, http:\/\/www.lmevidence.sav.sk\/wp-content\/uploads\/2020\/09\/trh_prace_lubyovastefanik-214x300.jpg 214w, http:\/\/www.lmevidence.sav.sk\/wp-content\/uploads\/2020\/09\/trh_prace_lubyovastefanik.jpg 327w\" sizes=\"(max-width: 120px) 100vw, 120px\" \/>            \n                        <\/div>\n            <!-- \/image-wrap -->\n        \n        \n        <\/div>\n    <!-- \/module image -->\n<!-- module text -->\n<div  class=\"module module-text tb_76jl469    \">\n            <div  class=\"tb_text_wrap\">\n    <h4><a href=\"http:\/\/ekonom.sav.sk\/sk\/publikacie\/-p327\" target=\"_blank\" rel=\"noopener\">TRH PR\u00c1CE NA SLOVENSKU 2016+<\/a><\/h4>    <\/div>\n<\/div>\n<!-- \/module text -->\n\t        <\/div>\n\t    \t<\/div>\n\t\t    <\/div>\n\t    <!-- \/row_inner -->\n\t<\/div>\n\t<!-- \/module_row -->\n\t\t<!-- module_row -->\n\t<div  class=\"themify_builder_row module_row clearfix module_row_5 themify_builder_34_row module_row_34-5 tb_f6y2165\">\n\t    \t    <div class=\"row_inner col_align_top\" >\n\t\t\t<div  class=\"module_column tb-column col-full first tb_34_column module_column_0 module_column_34-5-0 tb_zwnl166\">\n\t    \t    \t        <div class=\"tb-column-inner\">\n\t\t        <!-- module divider -->\n    <div  class=\"module module-divider tb_ge6t175 solid    \" style=\"border-width: 3px;border-color: #000000;margin-top: 30px;\">\n\t            <\/div>\n    <!-- \/module divider -->\n\t        <\/div>\n\t    \t<\/div>\n\t\t    <\/div>\n\t    <!-- \/row_inner -->\n\t<\/div>\n\t<!-- \/module_row -->\n\t\t<!-- module_row -->\n\t<div   class=\"themify_builder_row module_row clearfix module_row_6 themify_builder_34_row module_row_34-6 tb_170o453\">\n\t    \t    <div class=\"row_inner col_align_top\" >\n\t\t\t<div  class=\"module_column tb-column col-full first tb_34_column module_column_0 module_column_34-6-0 tb_9wci454\">\n\t    \t    \t        <div class=\"tb-column-inner\">\n\t\t    <!-- module text -->\n<div  class=\"module module-text tb_js0p463    \">\n            <div  class=\"tb_text_wrap\">\n    <h3><a href=\"http:\/\/ekonom.sav.sk\/sk\/projekty\/lm-needs-predvidanie-potrieb-slovenskeho-trhu-prace-v-strednodobom-horizonte-do-roku-2025-p129\" target=\"_blank\" rel=\"noopener\">LM needs \u2013 Predv\u00eddanie potrieb slovensk\u00e9ho trhu pr\u00e1ce v strednodobom horizonte do roku 2025<\/a><\/h3>\n<p><span style=\"color: #000000;\">Doba rie\u0161enia projektu: 5\/2011-10\/2014<\/span><br \/><span style=\"color: #000000;\">Eviden\u010dn\u00e9 \u010d\u00edslo projektu: APVV-0541-10<\/span><\/p>    <\/div>\n<\/div>\n<!-- \/module text -->\n\t        <\/div>\n\t    \t<\/div>\n\t\t    <\/div>\n\t    <!-- \/row_inner -->\n\t<\/div>\n\t<!-- \/module_row -->\n\t\t<!-- module_row -->\n\t<div   class=\"themify_builder_row module_row clearfix module_row_7 themify_builder_34_row module_row_34-7 tb_df8k116\">\n\t    \t    <div class=\"row_inner col_align_top\" >\n\t\t\t<div  class=\"module_column tb-column col2-1 first tb_34_column module_column_0 module_column_34-7-0 tb_mez0116\">\n\t    \t    \t        <div class=\"tb-column-inner\">\n\t\t        <!-- module image -->\n    <div  class=\"module module-image tb_3ohf486  image-center  \">\n\t                <div class=\"image-wrap\">\n                            <img decoding=\"async\" src=\"http:\/\/www.lmevidence.sav.sk\/wp-content\/uploads\/2020\/09\/trh_prace_na_slovensku-120x169.jpg\" width=\"120\" class=\" wp-post-image wp-image-141\" alt=\"trh_prace_na_slovensku\" srcset=\"http:\/\/www.lmevidence.sav.sk\/wp-content\/uploads\/2020\/09\/trh_prace_na_slovensku-120x169.jpg 120w, http:\/\/www.lmevidence.sav.sk\/wp-content\/uploads\/2020\/09\/trh_prace_na_slovensku-212x300.jpg 212w, http:\/\/www.lmevidence.sav.sk\/wp-content\/uploads\/2020\/09\/trh_prace_na_slovensku.jpg 500w\" sizes=\"(max-width: 120px) 100vw, 120px\" \/>            \n                        <\/div>\n            <!-- \/image-wrap -->\n        \n        \n        <\/div>\n    <!-- \/module image -->\n<!-- module text -->\n<div  class=\"module module-text tb_vl23104    \">\n            <div  class=\"tb_text_wrap\">\n    <h4 style=\"text-align: center;\"><a href=\"http:\/\/ekonom.sav.sk\/sk\/publikacie\/-p261\" target=\"_blank\" rel=\"noopener\">TRH PR\u00c1CE NA SLOVENSKU: ANAL\u00ddZY A PROGN\u00d3ZY<\/a><\/h4>    <\/div>\n<\/div>\n<!-- \/module text -->\n\t        <\/div>\n\t    \t<\/div>\n\t\t<div  class=\"module_column tb-column col2-1 last tb_34_column module_column_1 module_column_34-7-1 tb_qsav117\">\n\t    \t    \t        <div class=\"tb-column-inner\">\n\t\t        <!-- module image -->\n    <div  class=\"module module-image tb_d259797  image-center  \">\n\t                <div class=\"image-wrap\">\n                            <img decoding=\"async\" src=\"http:\/\/www.lmevidence.sav.sk\/wp-content\/uploads\/2020\/09\/predvidanie_potrieb-120x168.jpg\" width=\"120\" class=\" wp-post-image wp-image-139\" alt=\"predvidanie_potrieb\" srcset=\"http:\/\/www.lmevidence.sav.sk\/wp-content\/uploads\/2020\/09\/predvidanie_potrieb-120x168.jpg 120w, http:\/\/www.lmevidence.sav.sk\/wp-content\/uploads\/2020\/09\/predvidanie_potrieb-214x300.jpg 214w, http:\/\/www.lmevidence.sav.sk\/wp-content\/uploads\/2020\/09\/predvidanie_potrieb.jpg 506w\" sizes=\"(max-width: 120px) 100vw, 120px\" \/>            \n                        <\/div>\n            <!-- \/image-wrap -->\n        \n        \n        <\/div>\n    <!-- \/module image -->\n<!-- module text -->\n<div  class=\"module module-text tb_oj47277    \">\n            <div  class=\"tb_text_wrap\">\n    <h4 style=\"text-align: center;\"><a href=\"http:\/\/ekonom.sav.sk\/sk\/publikacie\/-p220\" target=\"_blank\" rel=\"noopener\">PREDV\u00cdDANIE POTRIEB TRHU PR\u00c1CE V SR : TEORETICK\u00c9 V\u00ddCHODISK\u00c1 A EMPIRICK\u00c9 V\u00ddSLEDKY<\/a><\/h4>    <\/div>\n<\/div>\n<!-- \/module text -->\n\t        <\/div>\n\t    \t<\/div>\n\t\t    <\/div>\n\t    <!-- \/row_inner -->\n\t<\/div>\n\t<!-- \/module_row -->\n\t<\/div>\n\n","protected":false},"excerpt":{"rendered":"<p>Predch\u00e1dzaj\u00face projekty APVV a publik\u00e1cie<\/p>\n","protected":false},"author":1,"featured_media":0,"parent":0,"menu_order":0,"comment_status":"closed","ping_status":"closed","template":"","meta":{"footnotes":""},"class_list":["post-34","page","type-page","status-publish","hentry","has-post-title","has-post-date","has-post-category","has-post-tag","has-post-comment","has-post-author",""],"builder_content":"<h1 style=\"text-align: center;\">Predch\u00e1dzaj\u00face projekty APVV a publik\u00e1cie<\/h1>\n\n<h3><a href=\"http:\/\/ekonom.sav.sk\/sk\/projekty\/riesenie-spolocenskych-vyziev-v-oblasti-tvorby-politiky-trhu-prace-zalozenej-na-vedeckych-informaciach-p141\" target=\"_blank\" rel=\"noopener\">Rie\u0161enie spolo\u010densk\u00fdch v\u00fdziev v oblasti tvorby politiky trhu pr\u00e1ce zalo\u017eenej na vedeck\u00fdch inform\u00e1ci\u00e1ch<\/a><\/h3> <p>Doba rie\u0161enia projektu: 7\/2015-12\/2018<br \/>Eviden\u010dn\u00e9 \u010d\u00edslo projektu: APVV-14-0324<\/p>\n<img decoding=\"async\" src=\"http:\/\/www.lmevidence.sav.sk\/wp-content\/uploads\/2020\/09\/labour_market_in_slovakia_2019-724x1024-120x169.jpg\" width=\"120\" alt=\"labour_market_in_slovakia_2019\" srcset=\"http:\/\/www.lmevidence.sav.sk\/wp-content\/uploads\/2020\/09\/labour_market_in_slovakia_2019-724x1024-120x169.jpg 120w, http:\/\/www.lmevidence.sav.sk\/wp-content\/uploads\/2020\/09\/labour_market_in_slovakia_2019-212x300.jpg 212w, http:\/\/www.lmevidence.sav.sk\/wp-content\/uploads\/2020\/09\/labour_market_in_slovakia_2019-724x1024.jpg 724w, http:\/\/www.lmevidence.sav.sk\/wp-content\/uploads\/2020\/09\/labour_market_in_slovakia_2019.jpg 726w\" sizes=\"(max-width: 120px) 100vw, 120px\" \/>\n<h4><a href=\"http:\/\/ekonom.sav.sk\/sk\/publikacie\/-p390\" target=\"_blank\" rel=\"noopener\">LABOUR MARKET IN SLOVAKIA 2019+<\/a><\/h4>\n<img decoding=\"async\" src=\"http:\/\/www.lmevidence.sav.sk\/wp-content\/uploads\/2020\/09\/labour_market_in_slovakia_2017-120x168.jpg\" width=\"120\" alt=\"labour_market_in_slovakia_2017\" srcset=\"http:\/\/www.lmevidence.sav.sk\/wp-content\/uploads\/2020\/09\/labour_market_in_slovakia_2017-120x168.jpg 120w, http:\/\/www.lmevidence.sav.sk\/wp-content\/uploads\/2020\/09\/labour_market_in_slovakia_2017-213x300.jpg 213w, http:\/\/www.lmevidence.sav.sk\/wp-content\/uploads\/2020\/09\/labour_market_in_slovakia_2017.jpg 585w\" sizes=\"(max-width: 120px) 100vw, 120px\" \/>\n<h4><a href=\"http:\/\/ekonom.sav.sk\/sk\/publikacie\/-p358\" target=\"_blank\" rel=\"noopener\">LABOUR MARKET IN SLOVAKIA 2017+<\/a><\/h4>\n<img decoding=\"async\" src=\"http:\/\/www.lmevidence.sav.sk\/wp-content\/uploads\/2020\/09\/trh_prace_lubyovastefanik-120x168.jpg\" width=\"120\" alt=\"trh_prace_lubyovastefanik\" srcset=\"http:\/\/www.lmevidence.sav.sk\/wp-content\/uploads\/2020\/09\/trh_prace_lubyovastefanik-120x168.jpg 120w, http:\/\/www.lmevidence.sav.sk\/wp-content\/uploads\/2020\/09\/trh_prace_lubyovastefanik-214x300.jpg 214w, http:\/\/www.lmevidence.sav.sk\/wp-content\/uploads\/2020\/09\/trh_prace_lubyovastefanik.jpg 327w\" sizes=\"(max-width: 120px) 100vw, 120px\" \/>\n<h4><a href=\"http:\/\/ekonom.sav.sk\/sk\/publikacie\/-p327\" target=\"_blank\" rel=\"noopener\">TRH PR\u00c1CE NA SLOVENSKU 2016+<\/a><\/h4>\n\n<h3><a href=\"http:\/\/ekonom.sav.sk\/sk\/projekty\/lm-needs-predvidanie-potrieb-slovenskeho-trhu-prace-v-strednodobom-horizonte-do-roku-2025-p129\" target=\"_blank\" rel=\"noopener\">LM needs \u2013 Predv\u00eddanie potrieb slovensk\u00e9ho trhu pr\u00e1ce v strednodobom horizonte do roku 2025<\/a><\/h3> <p>Doba rie\u0161enia projektu: 5\/2011-10\/2014<br \/>Eviden\u010dn\u00e9 \u010d\u00edslo projektu: APVV-0541-10<\/p>\n<img decoding=\"async\" src=\"http:\/\/www.lmevidence.sav.sk\/wp-content\/uploads\/2020\/09\/trh_prace_na_slovensku-120x169.jpg\" width=\"120\" alt=\"trh_prace_na_slovensku\" srcset=\"http:\/\/www.lmevidence.sav.sk\/wp-content\/uploads\/2020\/09\/trh_prace_na_slovensku-120x169.jpg 120w, http:\/\/www.lmevidence.sav.sk\/wp-content\/uploads\/2020\/09\/trh_prace_na_slovensku-212x300.jpg 212w, http:\/\/www.lmevidence.sav.sk\/wp-content\/uploads\/2020\/09\/trh_prace_na_slovensku.jpg 500w\" sizes=\"(max-width: 120px) 100vw, 120px\" \/>\n<h4 style=\"text-align: center;\"><a href=\"http:\/\/ekonom.sav.sk\/sk\/publikacie\/-p261\" target=\"_blank\" rel=\"noopener\">TRH PR\u00c1CE NA SLOVENSKU: ANAL\u00ddZY A PROGN\u00d3ZY<\/a><\/h4>\n<img decoding=\"async\" src=\"http:\/\/www.lmevidence.sav.sk\/wp-content\/uploads\/2020\/09\/predvidanie_potrieb-120x168.jpg\" width=\"120\" alt=\"predvidanie_potrieb\" srcset=\"http:\/\/www.lmevidence.sav.sk\/wp-content\/uploads\/2020\/09\/predvidanie_potrieb-120x168.jpg 120w, http:\/\/www.lmevidence.sav.sk\/wp-content\/uploads\/2020\/09\/predvidanie_potrieb-214x300.jpg 214w, http:\/\/www.lmevidence.sav.sk\/wp-content\/uploads\/2020\/09\/predvidanie_potrieb.jpg 506w\" sizes=\"(max-width: 120px) 100vw, 120px\" \/>\n<h4 style=\"text-align: center;\"><a href=\"http:\/\/ekonom.sav.sk\/sk\/publikacie\/-p220\" target=\"_blank\" rel=\"noopener\">PREDV\u00cdDANIE POTRIEB TRHU PR\u00c1CE V SR : TEORETICK\u00c9 V\u00ddCHODISK\u00c1 A EMPIRICK\u00c9 V\u00ddSLEDKY<\/a><\/h4>","_links":{"self":[{"href":"http:\/\/www.lmevidence.sav.sk\/index.php?rest_route=\/wp\/v2\/pages\/34"}],"collection":[{"href":"http:\/\/www.lmevidence.sav.sk\/index.php?rest_route=\/wp\/v2\/pages"}],"about":[{"href":"http:\/\/www.lmevidence.sav.sk\/index.php?rest_route=\/wp\/v2\/types\/page"}],"author":[{"embeddable":true,"href":"http:\/\/www.lmevidence.sav.sk\/index.php?rest_route=\/wp\/v2\/users\/1"}],"replies":[{"embeddable":true,"href":"http:\/\/www.lmevidence.sav.sk\/index.php?rest_route=%2Fwp%2Fv2%2Fcomments&post=34"}],"version-history":[{"count":25,"href":"http:\/\/www.lmevidence.sav.sk\/index.php?rest_route=\/wp\/v2\/pages\/34\/revisions"}],"predecessor-version":[{"id":471,"href":"http:\/\/www.lmevidence.sav.sk\/index.php?rest_route=\/wp\/v2\/pages\/34\/revisions\/471"}],"wp:attachment":[{"href":"http:\/\/www.lmevidence.sav.sk\/index.php?rest_route=%2Fwp%2Fv2%2Fmedia&parent=34"}],"curies":[{"name":"wp","href":"https:\/\/api.w.org\/{rel}","templated":true}]}}