{"id":31,"date":"2020-09-02T17:13:40","date_gmt":"2020-09-02T15:13:40","guid":{"rendered":"http:\/\/www.lmevidence.sav.sk\/?page_id=31"},"modified":"2023-06-27T10:22:00","modified_gmt":"2023-06-27T08:22:00","slug":"publikacie","status":"publish","type":"page","link":"http:\/\/www.lmevidence.sav.sk\/?page_id=31","title":{"rendered":"Publik\u00e1cie"},"content":{"rendered":"<div id=\"themify_builder_content-31\" data-postid=\"31\" class=\"themify_builder_content themify_builder_content-31 themify_builder\">\n    \t<!-- module_row -->\n\t<div   class=\"themify_builder_row module_row clearfix module_row_0 themify_builder_31_row module_row_31-0 tb_8krx649\">\n\t    \t    <div class=\"row_inner col_align_top\" >\n\t\t\t<div  class=\"module_column tb-column col2-1 first tb_31_column module_column_0 module_column_31-0-0 tb_ezh6649\" style=\"width: 18%\" >\n\t    \t    \t        <div class=\"tb-column-inner\">\n\t\t    <!-- module text -->\n<div  class=\"module module-text tb_26ap817    \">\n            <div  class=\"tb_text_wrap\">\n    <h1>Work in progress<\/h1>    <\/div>\n<\/div>\n<!-- \/module text -->\n\t        <\/div>\n\t    \t<\/div>\n\t\t<div  class=\"module_column tb-column col2-1 last tb_31_column module_column_1 module_column_31-0-1 tb_9iuj649\" style=\"width: 78.8%\">\n\t    \t    \t        <div class=\"tb-column-inner\">\n\t\t    <!-- module text -->\n<div  class=\"module module-text tb_by1q843    \">\n            <div  class=\"tb_text_wrap\">\n    <ul class=\"standard-list\">\n<li>\n<h5>Gerbery, D. &#8211; Miklo\u0161ovi\u010d, T. Low wages as a trap. (submitted)<\/h5>\n<\/li>\n<li>\n<h5>Ly\u00f3csa, \u0160., Ko\u0161\u0165\u00e1lov\u00e1, Z. &amp; \u0160tef\u00e1nik, M. (n.d.) <a href=\"http:\/\/www.lmevidence.sav.sk\/data_uploads\/pubs\/What_drives_OJV_attention.pdf\">Online job posting attractiveness: A tool to improve views, reactions and conversions (submitted)<\/a><\/h5>\n<\/li>\n<li>\n<h5>\u0160tef\u00e1nik, M. &amp; Laff\u00e9rs, L. (n.d.) <a href=\"http:\/\/www.lmevidence.sav.sk\/data_uploads\/pubs\/DynamicALMP_2023.pdf\"><span dir=\"ltr\" role=\"presentation\">Supporting the right workplace experience <\/span>(submitted)<\/a><\/h5>\n<\/li>\n<li>\n<h5>Laff\u00e9rs, L.\u00a0\u2013 Huber, M. Bounds on direct and indirect effects under treatment\/mediator endogeneity and outcome attrition (<a href=\"https:\/\/arxiv.org\/abs\/2002.05253\">arXiv:2002.05253<\/a>) (conditionally accepted in Econometric Reviews)<\/h5>\n<\/li>\n<li>\n<h5>Laff\u00e9rs, L. \u2013 Bodory, H. \u2013 Huber. M. Evaluating (weighted) dynamic treatment effects by double machine learning (<a href=\"https:\/\/arxiv.org\/abs\/2012.00370\">arXiv:2012.00370<\/a>) (conditionally accepted in Econometrics Journal)<\/h5>\n<\/li>\n<li>\n<h5>Laff\u00e9rs, L. \u2013 Bia, M. \u2013 Huber, M. Double machine learning for sample selection models (<a href=\"https:\/\/arxiv.org\/abs\/2012.00745\">arXiv:2012.00745<\/a>) (revision requested)<\/h5>\n<\/li>\n<\/ul>    <\/div>\n<\/div>\n<!-- \/module text -->\n\t        <\/div>\n\t    \t<\/div>\n\t\t    <\/div>\n\t    <!-- \/row_inner -->\n\t<\/div>\n\t<!-- \/module_row -->\n\t\t<!-- module_row -->\n\t<div   class=\"themify_builder_row module_row clearfix module_row_1 themify_builder_31_row module_row_31-1 tb_wjb4438\">\n\t    \t    <div class=\"row_inner col_align_top\" >\n\t\t\t<div  class=\"module_column tb-column col2-1 first tb_31_column module_column_0 module_column_31-1-0 tb_e3p0439\" style=\"width: 18%\">\n\t    \t    \t        <div class=\"tb-column-inner\">\n\t\t    <!-- module text -->\n<div  class=\"module module-text tb_3xdh351    \">\n            <div  class=\"tb_text_wrap\">\n    <h1>2022<\/h1>    <\/div>\n<\/div>\n<!-- \/module text -->\n\t        <\/div>\n\t    \t<\/div>\n\t\t<div  class=\"module_column tb-column col2-1 last tb_31_column module_column_1 module_column_31-1-1 tb_a49m439\" style=\"width: 78.8%\">\n\t    \t    \t        <div class=\"tb-column-inner\">\n\t\t    <!-- module text -->\n<div  class=\"module module-text tb_dgzd718    \">\n            <div  class=\"tb_text_wrap\">\n    <ul>\n<li>\n<h5>\u0160tef\u00e1nik, M., Ly\u00f3csa, \u0160. &amp; Bilka, M. Using online job postings to predict key labour market indicators, Social science computer review (online), 2022. DOI: <a class=\"doiWidgetLink\" href=\"https:\/\/doi.org\/10.1177%2F08944393221085705\" rel=\"noopener\">https:\/\/doi.org\/10.1177\/08944393221085705<\/a><\/h5>\n<\/li>\n<li>\n<h5>Laff\u00e9rs, L. \u2013 Nedela, R. Sensitivity of Bounds on ATEs under Survey Non-response (forthcoming in Econometrics and Statistics) DOI: <a href=\"https:\/\/doi.org\/10.1016\/j.ecosta.2022.01.005\">https:\/\/doi.org\/10.1016\/j.ecosta.2022.01.005<\/a><\/h5>\n<\/li>\n<li>\n<h5>Laff\u00e9rs, L. -Fabmacher, H. \u2013 Huber, M. \u2013 Langen, H. \u2013 Spindler, M. Causal mediation analysis with double machine learning (Econometrics Journal, 2022, 25 (2), 277\u2013300) DOI: <a href=\"https:\/\/doi.org\/10.1093\/ectj\/utac003\">https:\/\/doi.org\/10.1093\/ectj\/utac003<\/a><\/h5>\n<\/li>\n<\/ul>    <\/div>\n<\/div>\n<!-- \/module text -->\n\t        <\/div>\n\t    \t<\/div>\n\t\t    <\/div>\n\t    <!-- \/row_inner -->\n\t<\/div>\n\t<!-- \/module_row -->\n\t\t<!-- module_row -->\n\t<div   class=\"themify_builder_row module_row clearfix module_row_2 themify_builder_31_row module_row_31-2 tb_57cv513\">\n\t    \t    <div class=\"row_inner col_align_top\" >\n\t\t\t<div  class=\"module_column tb-column col2-1 first tb_31_column module_column_0 module_column_31-2-0 tb_w3ns514\" style=\"width: 18%\" >\n\t    \t    \t        <div class=\"tb-column-inner\">\n\t\t    <!-- module text -->\n<div  class=\"module module-text tb_dqsi514    \">\n            <div  class=\"tb_text_wrap\">\n    <h1>2021<\/h1>    <\/div>\n<\/div>\n<!-- \/module text -->\n\t        <\/div>\n\t    \t<\/div>\n\t\t<div  class=\"module_column tb-column col2-1 last tb_31_column module_column_1 module_column_31-2-1 tb_bzas515\" style=\"width: 78.8%\">\n\t    \t    \t        <div class=\"tb-column-inner\">\n\t\t    <!-- module text -->\n<div  class=\"module module-text tb_v3wl515    \">\n            <div  class=\"tb_text_wrap\">\n    <ul class=\"standard-list\">\n<li>\n<h5><span class=\"authors\">Gerbery, D. Miklo\u0161ovi\u010d, T.<\/span> <span class=\"art_title\">Wage Mobility in Central Europe: Patterns and Micro-level Drivers of Movements along the Wage Ladder,<\/span>\u00a0<span class=\"serial_title\">Eastern European Economics, <\/span><span class=\"date\">2021, <\/span><span class=\"doi_link\">DOI:\u00a0<a href=\"https:\/\/doi.org\/10.1080\/00128775.2021.1997145\">10.1080\/00128775.2021.1997145<\/a><\/span><\/h5>\n<\/li>\n<li>\n<h5>Laff\u00e9rs, L. -Schmidpeter, B. Early child development and parents&#8216; labor supply. J Appl Econ. 2021; 36: 190\u2013208.\u00a0<a href=\"https:\/\/doi.org\/10.1002\/jae.2803\">https:\/\/doi.org\/10.1002\/jae.2803<\/a><\/h5>\n<\/li>\n<li>\n<h5>\u0160TEF\u00c1NIK, M. Bola Z\u00e1ruka pre mlad\u00fdch na Slovensku efekt\u00edvna? = How effective was the Youth Guarantee in Slovakia? In LICHNER, Ivan. Zborn\u00edk abstraktov z vedeckej konferencie EKOMSTAT 2021. &#8211; Slovensk\u00e1 \u0161tatistick\u00e1 a demografick\u00e1 spolo\u010dnos\u0165, 2021, s. 11. ISBN 978\u201380\u201388946\u201388-5.<\/h5>\n<\/li>\n<li>\n<h5>MIKLO\u0160OVI\u010c, T. &#8211; GERBERY, D. N\u00edzka mzda ako pasca? = Low wages as a trap? In LICHNER, Ivan. Zborn\u00edk abstraktov z vedeckej konferencie EKOMSTAT 2021. &#8211; Slovensk\u00e1 \u0161tatistick\u00e1 a demografick\u00e1 spolo\u010dnos\u0165, 2021, s. 8. ISBN 978\u201380\u201388946\u201388-5.\u00a0<\/h5>\n<\/li>\n<\/ul>    <\/div>\n<\/div>\n<!-- \/module text -->\n\t        <\/div>\n\t    \t<\/div>\n\t\t    <\/div>\n\t    <!-- \/row_inner -->\n\t<\/div>\n\t<!-- \/module_row -->\n\t\t<!-- module_row -->\n\t<div   class=\"themify_builder_row module_row clearfix module_row_3 themify_builder_31_row module_row_31-3 tb_3wdp293\">\n\t    \t    <div class=\"row_inner col_align_top\" >\n\t\t\t<div  class=\"module_column tb-column col2-1 first tb_31_column module_column_0 module_column_31-3-0 tb_sliw293\" style=\"width: 18%\">\n\t    \t    \t        <div class=\"tb-column-inner\">\n\t\t    <!-- module text -->\n<div  class=\"module module-text tb_7bou966    \">\n            <div  class=\"tb_text_wrap\">\n    <h1>2020<\/h1>    <\/div>\n<\/div>\n<!-- \/module text -->\n\t        <\/div>\n\t    \t<\/div>\n\t\t<div  class=\"module_column tb-column col2-1 last tb_31_column module_column_1 module_column_31-3-1 tb_rkzf294\" style=\"width: 78.8%\">\n\t    \t    \t        <div class=\"tb-column-inner\">\n\t\t    <!-- module text -->\n<div  class=\"module module-text tb_fafe893    \">\n            <div  class=\"tb_text_wrap\">\n    <ul>\n<li class=\"marg_bot10\">\n<h5>Gerbery, D., Miklo\u0161ovi\u010d, T. 2020. Labour Market Transitions and Their Determinants in Slovakia: Path from Crisis to Recovery. In\u00a0<i>Ekonomick\u00fd \u010dasopis\/Journal of Economics<\/i>, vol. 68, no.7, pp. 651-676. ISSN 0013-3035. DOI:\u00a0<a href=\"https:\/\/doi.org\/10.31577\/ekoncas.2020.07.01\" target=\"_blank\" rel=\"noopener\">https:\/\/doi.org\/10.31577\/ekoncas.2020.07.01<\/a><\/h5>\n<\/li>\n<li>\n<h5>\u0160TEF\u00c1NIK, M. &#8211; KARASOV\u00c1, K. &#8211; STUDEN\u00c1, I. Can supporting workplace insertions of unemployed recent graduates improve their long-term employability? : Evidence on the treatment effects of the Contribution for the graduate practice in Slovakia. In Empirica, 2020, vol. 47, iss. 2, pp. 245-265. ISSN 0340-8744. Dostupn\u00e9 na: <a href=\"https:\/\/doi.org\/10.1007\/s10663-018-9413-y\" target=\"_blank\" rel=\"noopener\">https:\/\/doi.org\/10.1007\/s10663-018-9413-y<\/a><\/h5>\n<\/li>\n<li>\n<h5>\u0160TEF\u00c1NIK, M. &#8211; MIKLO\u0160OVI\u010c, T. Modelling foreign labour inflows using a dynamic microsimulation model of an ageing country &#8211; Slovakia. In International Journal of Microsimulation, 2020, vol. 13, no. 2, pp. 102-113. (2019: 0.213 &#8211; SJR, Q4 &#8211; SJR). (2020 &#8211; SCOPUS). ISSN 1747-5864. <a href=\"https:\/\/doi.org\/10.34196\/ijm.00220\">DOI: https:\/\/doi.org\/10.34196\/ijm.00220<\/a><\/h5>\n<\/li>\n<\/ul>    <\/div>\n<\/div>\n<!-- \/module text -->\n\t        <\/div>\n\t    \t<\/div>\n\t\t    <\/div>\n\t    <!-- \/row_inner -->\n\t<\/div>\n\t<!-- \/module_row -->\n\t\t<!-- module_row -->\n\t<div   class=\"themify_builder_row module_row clearfix module_row_4 themify_builder_31_row module_row_31-4 tb_m59n93\">\n\t    \t    <div class=\"row_inner col_align_top\" >\n\t\t\t<div  class=\"module_column tb-column col2-1 first tb_31_column module_column_0 module_column_31-4-0 tb_rc9t93\" style=\"width: 18%\">\n\t    \t    \t        <div class=\"tb-column-inner\">\n\t\t    <!-- module text -->\n<div  class=\"module module-text tb_tvek933    \">\n            <div  class=\"tb_text_wrap\">\n    <h1>2019<\/h1>    <\/div>\n<\/div>\n<!-- \/module text -->\n\t        <\/div>\n\t    \t<\/div>\n\t\t<div  class=\"module_column tb-column col2-1 last tb_31_column module_column_1 module_column_31-4-1 tb_mlk293\" style=\"width: 78.8%\">\n\t    \t    \t        <div class=\"tb-column-inner\">\n\t\t    <!-- module text -->\n<div  class=\"module module-text tb_izls581    \">\n            <div  class=\"tb_text_wrap\">\n    <ul>\n<li>\n<h5>MIKLO\u0160OVI\u010c, Tom\u00e1\u0161 \u2013 \u0160TEF\u00c1NIK, Miroslav. <a href=\"http:\/\/www.conference.ie\/content\/72.pdf\" target=\"_blank\" rel=\"noopener\">Modelling foreign labour inflows using a dynamic microsimulation model of an ageing country -Slovakia<\/a> : [presentation]. Galway, Ireland : National University of Ireland, 2019.<\/h5>\n<\/li>\n<li>\n<h5>\u0160TEF\u00c1NIK, Miroslav \u2013 MIKLO\u0160OVI\u010c, Tom\u00e1\u0161. <a href=\"http:\/\/www.ekonom.sav.sk\/sk\/publikacie\/-p398\" target=\"_blank\" rel=\"noopener\">N\u00e1vrh metodiky vyhodnocovania v\u00fdkonnosti \u00daradov pr\u00e1ce<\/a>. Recenzenti: \u0160tefan \u010eurajka, Boris Katu\u0161\u010d\u00e1k. In Expert\u00edzne \u0161t\u00fadie E\u00da SAV, 2019, \u010d. 10, s. 1-8. ISSN 1337-0812.<\/h5>\n<\/li>\n<li>\n<h5>\u0160TEF\u00c1NIK, Miroslav \u2013 MIKLO\u0160OVI\u010c, Tom\u00e1\u0161. <a href=\"http:\/\/www.ekonom.sav.sk\/sk\/publikacie\/-p399\" target=\"_blank\" rel=\"noopener\">Vyhodnotenie v\u00fdkonnosti \u00daradov pr\u00e1ce : (\u010dinnos\u0165 za prv\u00fd polrok 2019)<\/a>. Recenzenti: \u0160tefan \u010eurajka, Boris Katu\u0161\u010d\u00e1k. In Expert\u00edzne \u0161t\u00fadie E\u00da SAV, 2019, \u010d. 11, s. 1-13. ISSN 1337-0812.<\/h5>\n<\/li>\n<li>\n<h5>KOR\u0160\u0147\u00c1KOV\u00c1, P. &#8211; \u0160TEF\u00c1NIK, M. Home-based parental involvement and parental perception of schools : a cross-country analysis. In Parental Involvement Across European Education Systems : Critical Perspectives. &#8211; London : Routledge, 2019, p. 175-190. ISBN 978-1-35-106634-1.<\/h5>\n<\/li>\n<\/ul>    <\/div>\n<\/div>\n<!-- \/module text -->\n\t        <\/div>\n\t    \t<\/div>\n\t\t    <\/div>\n\t    <!-- \/row_inner -->\n\t<\/div>\n\t<!-- \/module_row -->\n\t\t<!-- module_row -->\n\t<div   class=\"themify_builder_row module_row clearfix module_row_5 themify_builder_31_row module_row_31-5 tb_awcx304\">\n\t    \t    <div class=\"row_inner col_align_top\" >\n\t\t\t<div  class=\"module_column tb-column col2-1 first tb_31_column module_column_0 module_column_31-5-0 tb_f4ub304\" style=\"width: 18%\" >\n\t    \t    \t<\/div>\n\t\t<div  class=\"module_column tb-column col2-1 last tb_31_column module_column_1 module_column_31-5-1 tb_vgrg305\" style=\"width: 78.8%\" >\n\t    \t    \t<\/div>\n\t\t    <\/div>\n\t    <!-- \/row_inner -->\n\t<\/div>\n\t<!-- \/module_row -->\n\t<\/div>\n\n","protected":false},"excerpt":{"rendered":"<p>Work in progress<\/p>\n","protected":false},"author":1,"featured_media":0,"parent":0,"menu_order":0,"comment_status":"closed","ping_status":"closed","template":"","meta":{"footnotes":""},"class_list":["post-31","page","type-page","status-publish","hentry","has-post-title","has-post-date","has-post-category","has-post-tag","has-post-comment","has-post-author",""],"builder_content":"<h1>Work in progress<\/h1>\n<ul> <li> <h5>Gerbery, D. - Miklo\u0161ovi\u010d, T. Low wages as a trap. (submitted)<\/h5> <\/li> <li> <h5>Ly\u00f3csa, \u0160., Ko\u0161\u0165\u00e1lov\u00e1, Z. &amp; \u0160tef\u00e1nik, M. (n.d.) <a href=\"http:\/\/www.lmevidence.sav.sk\/data_uploads\/pubs\/What_drives_OJV_attention.pdf\">Online job posting attractiveness: A tool to improve views, reactions and conversions (submitted)<\/a><\/h5> <\/li> <li> <h5>\u0160tef\u00e1nik, M. &amp; Laff\u00e9rs, L. (n.d.) <a href=\"http:\/\/www.lmevidence.sav.sk\/data_uploads\/pubs\/DynamicALMP_2023.pdf\">Supporting the right workplace experience (submitted)<\/a><\/h5> <\/li> <li> <h5>Laff\u00e9rs, L.\u00a0\u2013 Huber, M. Bounds on direct and indirect effects under treatment\/mediator endogeneity and outcome attrition (<a href=\"https:\/\/arxiv.org\/abs\/2002.05253\">arXiv:2002.05253<\/a>) (conditionally accepted in Econometric Reviews)<\/h5> <\/li> <li> <h5>Laff\u00e9rs, L. \u2013 Bodory, H. \u2013 Huber. M. Evaluating (weighted) dynamic treatment effects by double machine learning (<a href=\"https:\/\/arxiv.org\/abs\/2012.00370\">arXiv:2012.00370<\/a>) (conditionally accepted in Econometrics Journal)<\/h5> <\/li> <li> <h5>Laff\u00e9rs, L. \u2013 Bia, M. \u2013 Huber, M. Double machine learning for sample selection models (<a href=\"https:\/\/arxiv.org\/abs\/2012.00745\">arXiv:2012.00745<\/a>) (revision requested)<\/h5> <\/li> <\/ul>\n<h1>2022<\/h1>\n<ul> <li> <h5>\u0160tef\u00e1nik, M., Ly\u00f3csa, \u0160. &amp; Bilka, M. Using online job postings to predict key labour market indicators, Social science computer review (online), 2022. DOI: <a href=\"https:\/\/doi.org\/10.1177%2F08944393221085705\" rel=\"noopener\">https:\/\/doi.org\/10.1177\/08944393221085705<\/a><\/h5> <\/li> <li> <h5>Laff\u00e9rs, L. \u2013 Nedela, R. Sensitivity of Bounds on ATEs under Survey Non-response (forthcoming in Econometrics and Statistics) DOI: <a href=\"https:\/\/doi.org\/10.1016\/j.ecosta.2022.01.005\">https:\/\/doi.org\/10.1016\/j.ecosta.2022.01.005<\/a><\/h5> <\/li> <li> <h5>Laff\u00e9rs, L. -Fabmacher, H. \u2013 Huber, M. \u2013 Langen, H. \u2013 Spindler, M. Causal mediation analysis with double machine learning (Econometrics Journal, 2022, 25 (2), 277\u2013300) DOI: <a href=\"https:\/\/doi.org\/10.1093\/ectj\/utac003\">https:\/\/doi.org\/10.1093\/ectj\/utac003<\/a><\/h5> <\/li> <\/ul>\n<h1>2021<\/h1>\n<ul> <li> <h5>Gerbery, D. Miklo\u0161ovi\u010d, T. Wage Mobility in Central Europe: Patterns and Micro-level Drivers of Movements along the Wage Ladder,\u00a0Eastern European Economics, 2021, DOI:\u00a0<a href=\"https:\/\/doi.org\/10.1080\/00128775.2021.1997145\">10.1080\/00128775.2021.1997145<\/a><\/h5> <\/li> <li> <h5>Laff\u00e9rs, L. -Schmidpeter, B. Early child development and parents' labor supply. J Appl Econ. 2021; 36: 190\u2013208.\u00a0<a href=\"https:\/\/doi.org\/10.1002\/jae.2803\">https:\/\/doi.org\/10.1002\/jae.2803<\/a><\/h5> <\/li> <li> <h5>\u0160TEF\u00c1NIK, M. Bola Z\u00e1ruka pre mlad\u00fdch na Slovensku efekt\u00edvna? = How effective was the Youth Guarantee in Slovakia? In LICHNER, Ivan. Zborn\u00edk abstraktov z vedeckej konferencie EKOMSTAT 2021. - Slovensk\u00e1 \u0161tatistick\u00e1 a demografick\u00e1 spolo\u010dnos\u0165, 2021, s. 11. ISBN 978\u201380\u201388946\u201388-5.<\/h5> <\/li> <li> <h5>MIKLO\u0160OVI\u010c, T. - GERBERY, D. N\u00edzka mzda ako pasca? = Low wages as a trap? In LICHNER, Ivan. Zborn\u00edk abstraktov z vedeckej konferencie EKOMSTAT 2021. - Slovensk\u00e1 \u0161tatistick\u00e1 a demografick\u00e1 spolo\u010dnos\u0165, 2021, s. 8. ISBN 978\u201380\u201388946\u201388-5.\u00a0<\/h5> <\/li> <\/ul>\n<h1>2020<\/h1>\n<ul> <li> <h5>Gerbery, D., Miklo\u0161ovi\u010d, T. 2020. Labour Market Transitions and Their Determinants in Slovakia: Path from Crisis to Recovery. In\u00a0<i>Ekonomick\u00fd \u010dasopis\/Journal of Economics<\/i>, vol. 68, no.7, pp. 651-676. ISSN 0013-3035. DOI:\u00a0<a href=\"https:\/\/doi.org\/10.31577\/ekoncas.2020.07.01\" target=\"_blank\" rel=\"noopener\">https:\/\/doi.org\/10.31577\/ekoncas.2020.07.01<\/a><\/h5> <\/li> <li> <h5>\u0160TEF\u00c1NIK, M. - KARASOV\u00c1, K. - STUDEN\u00c1, I. Can supporting workplace insertions of unemployed recent graduates improve their long-term employability? : Evidence on the treatment effects of the Contribution for the graduate practice in Slovakia. In Empirica, 2020, vol. 47, iss. 2, pp. 245-265. ISSN 0340-8744. Dostupn\u00e9 na: <a href=\"https:\/\/doi.org\/10.1007\/s10663-018-9413-y\" target=\"_blank\" rel=\"noopener\">https:\/\/doi.org\/10.1007\/s10663-018-9413-y<\/a><\/h5> <\/li> <li> <h5>\u0160TEF\u00c1NIK, M. - MIKLO\u0160OVI\u010c, T. Modelling foreign labour inflows using a dynamic microsimulation model of an ageing country - Slovakia. In International Journal of Microsimulation, 2020, vol. 13, no. 2, pp. 102-113. (2019: 0.213 - SJR, Q4 - SJR). (2020 - SCOPUS). ISSN 1747-5864. <a href=\"https:\/\/doi.org\/10.34196\/ijm.00220\">DOI: https:\/\/doi.org\/10.34196\/ijm.00220<\/a><\/h5> <\/li> <\/ul>\n<h1>2019<\/h1>\n<ul> <li> <h5>MIKLO\u0160OVI\u010c, Tom\u00e1\u0161 \u2013 \u0160TEF\u00c1NIK, Miroslav. <a href=\"http:\/\/www.conference.ie\/content\/72.pdf\" target=\"_blank\" rel=\"noopener\">Modelling foreign labour inflows using a dynamic microsimulation model of an ageing country -Slovakia<\/a> : [presentation]. Galway, Ireland : National University of Ireland, 2019.<\/h5> <\/li> <li> <h5>\u0160TEF\u00c1NIK, Miroslav \u2013 MIKLO\u0160OVI\u010c, Tom\u00e1\u0161. <a href=\"http:\/\/www.ekonom.sav.sk\/sk\/publikacie\/-p398\" target=\"_blank\" rel=\"noopener\">N\u00e1vrh metodiky vyhodnocovania v\u00fdkonnosti \u00daradov pr\u00e1ce<\/a>. Recenzenti: \u0160tefan \u010eurajka, Boris Katu\u0161\u010d\u00e1k. In Expert\u00edzne \u0161t\u00fadie E\u00da SAV, 2019, \u010d. 10, s. 1-8. ISSN 1337-0812.<\/h5> <\/li> <li> <h5>\u0160TEF\u00c1NIK, Miroslav \u2013 MIKLO\u0160OVI\u010c, Tom\u00e1\u0161. <a href=\"http:\/\/www.ekonom.sav.sk\/sk\/publikacie\/-p399\" target=\"_blank\" rel=\"noopener\">Vyhodnotenie v\u00fdkonnosti \u00daradov pr\u00e1ce : (\u010dinnos\u0165 za prv\u00fd polrok 2019)<\/a>. Recenzenti: \u0160tefan \u010eurajka, Boris Katu\u0161\u010d\u00e1k. In Expert\u00edzne \u0161t\u00fadie E\u00da SAV, 2019, \u010d. 11, s. 1-13. ISSN 1337-0812.<\/h5> <\/li> <li> <h5>KOR\u0160\u0147\u00c1KOV\u00c1, P. - \u0160TEF\u00c1NIK, M. Home-based parental involvement and parental perception of schools : a cross-country analysis. In Parental Involvement Across European Education Systems : Critical Perspectives. - London : Routledge, 2019, p. 175-190. ISBN 978-1-35-106634-1.<\/h5> <\/li> <\/ul>","_links":{"self":[{"href":"http:\/\/www.lmevidence.sav.sk\/index.php?rest_route=\/wp\/v2\/pages\/31"}],"collection":[{"href":"http:\/\/www.lmevidence.sav.sk\/index.php?rest_route=\/wp\/v2\/pages"}],"about":[{"href":"http:\/\/www.lmevidence.sav.sk\/index.php?rest_route=\/wp\/v2\/types\/page"}],"author":[{"embeddable":true,"href":"http:\/\/www.lmevidence.sav.sk\/index.php?rest_route=\/wp\/v2\/users\/1"}],"replies":[{"embeddable":true,"href":"http:\/\/www.lmevidence.sav.sk\/index.php?rest_route=%2Fwp%2Fv2%2Fcomments&post=31"}],"version-history":[{"count":46,"href":"http:\/\/www.lmevidence.sav.sk\/index.php?rest_route=\/wp\/v2\/pages\/31\/revisions"}],"predecessor-version":[{"id":503,"href":"http:\/\/www.lmevidence.sav.sk\/index.php?rest_route=\/wp\/v2\/pages\/31\/revisions\/503"}],"wp:attachment":[{"href":"http:\/\/www.lmevidence.sav.sk\/index.php?rest_route=%2Fwp%2Fv2%2Fmedia&parent=31"}],"curies":[{"name":"wp","href":"https:\/\/api.w.org\/{rel}","templated":true}]}}