{"id":28,"date":"2020-09-02T17:13:16","date_gmt":"2020-09-02T15:13:16","guid":{"rendered":"http:\/\/www.lmevidence.sav.sk\/?page_id=28"},"modified":"2021-11-15T10:21:12","modified_gmt":"2021-11-15T09:21:12","slug":"tim","status":"publish","type":"page","link":"http:\/\/www.lmevidence.sav.sk\/?page_id=28","title":{"rendered":"T\u00edm"},"content":{"rendered":"<div id=\"themify_builder_content-28\" data-postid=\"28\" class=\"themify_builder_content themify_builder_content-28 themify_builder\">\n    \t<!-- module_row -->\n\t<div   class=\"themify_builder_row module_row clearfix module_row_0 themify_builder_28_row module_row_28-0 tb_3411922\">\n\t    \t    <div class=\"row_inner col_align_top\" >\n\t\t\t<div  class=\"module_column tb-column col3-1 first tb_28_column module_column_0 module_column_28-0-0 tb_s95o922\" style=\"width: 15%\">\n\t    \t    \t        <div class=\"tb-column-inner\">\n\t\t        <!-- module image -->\n    <div  class=\"module module-image tb_b66n328  image-top    auto_fullwidth\">\n\t                <div class=\"image-wrap\">\n                            <img decoding=\"async\" src=\"http:\/\/www.lmevidence.sav.sk\/wp-content\/uploads\/2020\/09\/Stefanik_Miroslav-100x133.jpg\" width=\"100\" class=\" wp-post-image wp-image-128\" alt=\"Stefanik_Miroslav\" srcset=\"http:\/\/www.lmevidence.sav.sk\/wp-content\/uploads\/2020\/09\/Stefanik_Miroslav-100x133.jpg 100w, http:\/\/www.lmevidence.sav.sk\/wp-content\/uploads\/2020\/09\/Stefanik_Miroslav.jpg 225w\" sizes=\"(max-width: 100px) 100vw, 100px\" \/>            \n                        <\/div>\n            <!-- \/image-wrap -->\n        \n        \n        <\/div>\n    <!-- \/module image -->\n\t        <\/div>\n\t    \t<\/div>\n\t\t<div  class=\"module_column tb-column col3-1 middle tb_28_column module_column_1 module_column_28-0-1 tb_vrgn923\" style=\"width: 27%\" >\n\t    \t    \t        <div class=\"tb-column-inner\">\n\t\t    <!-- module text -->\n<div  class=\"module module-text tb_3u4z110    \">\n            <div  class=\"tb_text_wrap\">\n    <h1 style=\"text-align: left;\">Miroslav \u0160tef\u00e1nik<\/h1>    <\/div>\n<\/div>\n<!-- \/module text -->\n    <!-- module image -->\n    <div  class=\"module module-image tb_rvfn30  image-center  \">\n\t                <div class=\"image-wrap\">\n                            <a href=\"http:\/\/ekonom.sav.sk\/\"\n                                      >\n                                           <img decoding=\"async\" src=\"http:\/\/www.lmevidence.sav.sk\/wp-content\/uploads\/2020\/09\/logo_EU-SAV_mini-120x64.jpg\" width=\"120\" class=\" wp-post-image wp-image-146\" alt=\"logo_EU SAV_mini\" srcset=\"http:\/\/www.lmevidence.sav.sk\/wp-content\/uploads\/2020\/09\/logo_EU-SAV_mini-120x64.jpg 120w, http:\/\/www.lmevidence.sav.sk\/wp-content\/uploads\/2020\/09\/logo_EU-SAV_mini-300x161.jpg 300w, http:\/\/www.lmevidence.sav.sk\/wp-content\/uploads\/2020\/09\/logo_EU-SAV_mini-80x42.jpg 80w, http:\/\/www.lmevidence.sav.sk\/wp-content\/uploads\/2020\/09\/logo_EU-SAV_mini.jpg 628w\" sizes=\"(max-width: 120px) 100vw, 120px\" \/>                <\/a>\n            \n                        <\/div>\n            <!-- \/image-wrap -->\n        \n        \n        <\/div>\n    <!-- \/module image -->\n\t        <\/div>\n\t    \t<\/div>\n\t\t<div  class=\"module_column tb-column col3-1 last tb_28_column module_column_2 module_column_28-0-2 tb_uig2923\" style=\"width: 51.6%\">\n\t    \t    \t        <div class=\"tb-column-inner\">\n\t\t    <!-- module text -->\n<div  class=\"module module-text tb_d2hz574    \">\n            <div  class=\"tb_text_wrap\">\n    <ul>\n<li>\n<p class=\"gdl-page-title gdl-title\"><a href=\"http:\/\/ekonom.sav.sk\/sk\/oddelenia\/oddelenie-ekonomickeho-modelovania-a-analyz\" target=\"_blank\" rel=\"noopener\">Oddelenie ekonomick\u00e9ho modelovania a anal\u00fdz<\/a>,\u00a0<a href=\"http:\/\/ekonom.sav.sk\/sk\" target=\"_blank\" rel=\"noopener\">Ekonomick\u00fd \u00fastav Slovenskej akad\u00e9mie vied<\/a>, \u0160ancov\u00e1 56, 811 05 Bratislava<\/p>\n<\/li>\n<li><a href=\"https:\/\/orcid.org\/0000-0002-9993-7885\" target=\"_blank\" rel=\"noopener\">Orcid<\/a><\/li>\n<li><a href=\"https:\/\/www.researchgate.net\/profile\/Miroslav_Stefanik\" target=\"_blank\" rel=\"noopener\">Researchgate<\/a><\/li>\n<li>miroslav.stefanik@savba.sk<\/li>\n<\/ul>    <\/div>\n<\/div>\n<!-- \/module text -->\n\t        <\/div>\n\t    \t<\/div>\n\t\t    <\/div>\n\t    <!-- \/row_inner -->\n\t<\/div>\n\t<!-- \/module_row -->\n\t\t<!-- module_row -->\n\t<div   class=\"themify_builder_row module_row clearfix module_row_1 themify_builder_28_row module_row_28-1 tb_uud873\">\n\t    \t    <div class=\"row_inner col_align_top\" >\n\t\t\t<div  class=\"module_column tb-column col3-1 first tb_28_column module_column_0 module_column_28-1-0 tb_3dee73\" style=\"width: 15%\">\n\t    \t    \t        <div class=\"tb-column-inner\">\n\t\t        <!-- module image -->\n    <div  class=\"module module-image tb_pfqi680  image-top  \">\n\t                <div class=\"image-wrap\">\n                            <img decoding=\"async\" src=\"http:\/\/www.lmevidence.sav.sk\/wp-content\/uploads\/2020\/09\/Tomas-Miklosovic-576x1024-100x177.jpg\" width=\"100\" class=\" wp-post-image wp-image-130\" alt=\"Tomas Miklosovic\" srcset=\"http:\/\/www.lmevidence.sav.sk\/wp-content\/uploads\/2020\/09\/Tomas-Miklosovic-576x1024-100x177.jpg 100w, http:\/\/www.lmevidence.sav.sk\/wp-content\/uploads\/2020\/09\/Tomas-Miklosovic-169x300.jpg 169w, http:\/\/www.lmevidence.sav.sk\/wp-content\/uploads\/2020\/09\/Tomas-Miklosovic-576x1024.jpg 576w, http:\/\/www.lmevidence.sav.sk\/wp-content\/uploads\/2020\/09\/Tomas-Miklosovic-768x1365.jpg 768w, http:\/\/www.lmevidence.sav.sk\/wp-content\/uploads\/2020\/09\/Tomas-Miklosovic-864x1536.jpg 864w, http:\/\/www.lmevidence.sav.sk\/wp-content\/uploads\/2020\/09\/Tomas-Miklosovic-rotated.jpg 1080w\" sizes=\"(max-width: 100px) 100vw, 100px\" \/>            \n                        <\/div>\n            <!-- \/image-wrap -->\n        \n        \n        <\/div>\n    <!-- \/module image -->\n\t        <\/div>\n\t    \t<\/div>\n\t\t<div  class=\"module_column tb-column col3-1 middle tb_28_column module_column_1 module_column_28-1-1 tb_m5ou74\" style=\"width: 27%\">\n\t    \t    \t        <div class=\"tb-column-inner\">\n\t\t    <!-- module text -->\n<div  class=\"module module-text tb_9w63837    \">\n            <div  class=\"tb_text_wrap\">\n    <h1><a href=\"http:\/\/www.tomasmiklosovic.sav.sk\/\">Tom\u00e1\u0161 Miklo\u0161ovi\u010d<\/a><\/h1>    <\/div>\n<\/div>\n<!-- \/module text -->\n    <!-- module image -->\n    <div  class=\"module module-image tb_gtau121  image-center  \">\n\t                <div class=\"image-wrap\">\n                            <a href=\"http:\/\/ekonom.sav.sk\/\"\n                                      >\n                                           <img decoding=\"async\" src=\"http:\/\/www.lmevidence.sav.sk\/wp-content\/uploads\/2020\/09\/logo_EU-SAV_mini-120x64.jpg\" width=\"120\" class=\" wp-post-image wp-image-146\" alt=\"logo_EU SAV_mini\" srcset=\"http:\/\/www.lmevidence.sav.sk\/wp-content\/uploads\/2020\/09\/logo_EU-SAV_mini-120x64.jpg 120w, http:\/\/www.lmevidence.sav.sk\/wp-content\/uploads\/2020\/09\/logo_EU-SAV_mini-300x161.jpg 300w, http:\/\/www.lmevidence.sav.sk\/wp-content\/uploads\/2020\/09\/logo_EU-SAV_mini-80x42.jpg 80w, http:\/\/www.lmevidence.sav.sk\/wp-content\/uploads\/2020\/09\/logo_EU-SAV_mini.jpg 628w\" sizes=\"(max-width: 120px) 100vw, 120px\" \/>                <\/a>\n            \n                        <\/div>\n            <!-- \/image-wrap -->\n        \n        \n        <\/div>\n    <!-- \/module image -->\n\t        <\/div>\n\t    \t<\/div>\n\t\t<div  class=\"module_column tb-column col3-1 last tb_28_column module_column_2 module_column_28-1-2 tb_trhk74\" style=\"width: 51.6%\">\n\t    \t    \t        <div class=\"tb-column-inner\">\n\t\t    <!-- module text -->\n<div  class=\"module module-text tb_rrxo557    \">\n            <div  class=\"tb_text_wrap\">\n    <ul>\n<li>\n<p class=\"gdl-page-title gdl-title\"><a href=\"http:\/\/ekonom.sav.sk\/sk\/oddelenia\/oddelenie-ekonomickeho-modelovania-a-analyz\" target=\"_blank\" rel=\"noopener\">Oddelenie ekonomick\u00e9ho modelovania a anal\u00fdz<\/a>,\u00a0<a href=\"http:\/\/ekonom.sav.sk\/sk\" target=\"_blank\" rel=\"noopener\">Ekonomick\u00fd \u00fastav Slovenskej akad\u00e9mie vied<\/a>, \u0160ancov\u00e1 56, 811 05 Bratislava<\/p>\n<\/li>\n<li><a href=\"https:\/\/orcid.org\/0000-0003-3104-0905\" target=\"_blank\" rel=\"noopener\">Orcid<\/a><\/li>\n<li><a href=\"https:\/\/www.researchgate.net\/profile\/Tomas_Miklosovic\" target=\"_blank\" rel=\"noopener\">Researchgate<\/a><\/li>\n<li>tomas.miklosovic@savba.sk<\/li>\n<\/ul>    <\/div>\n<\/div>\n<!-- \/module text -->\n\t        <\/div>\n\t    \t<\/div>\n\t\t    <\/div>\n\t    <!-- \/row_inner -->\n\t<\/div>\n\t<!-- \/module_row -->\n\t\t<!-- module_row -->\n\t<div   class=\"themify_builder_row module_row clearfix module_row_2 themify_builder_28_row module_row_28-2 tb_tqtz302\">\n\t    \t    <div class=\"row_inner col_align_top\" >\n\t\t\t<div  class=\"module_column tb-column col3-1 first tb_28_column module_column_0 module_column_28-2-0 tb_3tf8303\" style=\"width: 15%\">\n\t    \t    \t        <div class=\"tb-column-inner\">\n\t\t        <!-- module image -->\n    <div  class=\"module module-image tb_2a30957  image-top  \">\n\t                <div class=\"image-wrap\">\n                            <img decoding=\"async\" src=\"http:\/\/www.lmevidence.sav.sk\/wp-content\/uploads\/2020\/09\/dano-100x100.jpg\" width=\"100\" class=\" wp-post-image wp-image-127\" alt=\"dano\" srcset=\"http:\/\/www.lmevidence.sav.sk\/wp-content\/uploads\/2020\/09\/dano-100x100.jpg 100w, http:\/\/www.lmevidence.sav.sk\/wp-content\/uploads\/2020\/09\/dano-150x150.jpg 150w, http:\/\/www.lmevidence.sav.sk\/wp-content\/uploads\/2020\/09\/dano.jpg 200w\" sizes=\"(max-width: 100px) 100vw, 100px\" \/>            \n                        <\/div>\n            <!-- \/image-wrap -->\n        \n        \n        <\/div>\n    <!-- \/module image -->\n\t        <\/div>\n\t    \t<\/div>\n\t\t<div  class=\"module_column tb-column col3-1 middle tb_28_column module_column_1 module_column_28-2-1 tb_iyln304\" style=\"width: 27%\">\n\t    \t    \t        <div class=\"tb-column-inner\">\n\t\t    <!-- module text -->\n<div  class=\"module module-text tb_i1yt78    \">\n            <div  class=\"tb_text_wrap\">\n    <h1>Daniel Gerbery<\/h1>    <\/div>\n<\/div>\n<!-- \/module text -->\n    <!-- module image -->\n    <div  class=\"module module-image tb_hfd8589  image-center  \">\n\t                <div class=\"image-wrap\">\n                            <a href=\"https:\/\/fphil.uniba.sk\/\"\n                                      >\n                                           <img decoding=\"async\" src=\"http:\/\/www.lmevidence.sav.sk\/wp-content\/uploads\/2020\/09\/filozof-100x100.jpg\" width=\"100\" class=\" wp-post-image wp-image-182\" alt=\"filozof\" srcset=\"http:\/\/www.lmevidence.sav.sk\/wp-content\/uploads\/2020\/09\/filozof-100x100.jpg 100w, http:\/\/www.lmevidence.sav.sk\/wp-content\/uploads\/2020\/09\/filozof-150x150.jpg 150w, http:\/\/www.lmevidence.sav.sk\/wp-content\/uploads\/2020\/09\/filozof-80x80.jpg 80w, http:\/\/www.lmevidence.sav.sk\/wp-content\/uploads\/2020\/09\/filozof.jpg 224w\" sizes=\"(max-width: 100px) 100vw, 100px\" \/>                <\/a>\n            \n                        <\/div>\n            <!-- \/image-wrap -->\n        \n        \n        <\/div>\n    <!-- \/module image -->\n\t        <\/div>\n\t    \t<\/div>\n\t\t<div  class=\"module_column tb-column col3-1 last tb_28_column module_column_2 module_column_28-2-2 tb_vey5304\" style=\"width: 51.6%\">\n\t    \t    \t        <div class=\"tb-column-inner\">\n\t\t    <!-- module text -->\n<div  class=\"module module-text tb_jjhy510    \">\n            <div  class=\"tb_text_wrap\">\n    <ul>\n<li><a href=\"https:\/\/fphil.uniba.sk\/katedry-a-odborne-pracoviska\/katedra-sociologie\/\" target=\"_blank\" rel=\"noopener\">Katedra sociol\u00f3gie<\/a>,\u00a0<a href=\"https:\/\/fphil.uniba.sk\/\" target=\"_blank\" rel=\"noopener\">Filozofick\u00e1 fakulta<\/a>,\u00a0<a href=\"https:\/\/uniba.sk\/\" target=\"_blank\" rel=\"noopener\">Univerzita Komensk\u00e9ho<\/a>,\u00a0 Gondova ulica 2, 811 02\u00a0 Bratislava<\/li>\n<li>\n<p><a href=\"https:\/\/orcid.org\/0000-0002-7623-5549\" rel=\"noopener noreferrer\">Orcid<\/a><\/p>\n<\/li>\n<li><a href=\"https:\/\/www.researchgate.net\/profile\/Daniel_Gerbery\" target=\"_blank\" rel=\"noopener\">Researchgate<\/a><\/li>\n<li>daniel.gerbery@uniba.sk<\/li>\n<\/ul>    <\/div>\n<\/div>\n<!-- \/module text -->\n\t        <\/div>\n\t    \t<\/div>\n\t\t    <\/div>\n\t    <!-- \/row_inner -->\n\t<\/div>\n\t<!-- \/module_row -->\n\t\t<!-- module_row -->\n\t<div   class=\"themify_builder_row module_row clearfix module_row_3 themify_builder_28_row module_row_28-3 tb_meyj461\">\n\t    \t    <div class=\"row_inner col_align_top\" >\n\t\t\t<div  class=\"module_column tb-column col3-1 first tb_28_column module_column_0 module_column_28-3-0 tb_aoia462\" style=\"width: 15%\">\n\t    \t    \t        <div class=\"tb-column-inner\">\n\t\t        <!-- module image -->\n    <div  class=\"module module-image tb_c73e856  image-top  \">\n\t                <div class=\"image-wrap\">\n                            <img decoding=\"async\" src=\"http:\/\/www.lmevidence.sav.sk\/wp-content\/uploads\/2020\/09\/Lukas-Laffers-100x106.png\" width=\"100\" class=\" wp-post-image wp-image-129\" alt=\"Lukas Laffers\" srcset=\"http:\/\/www.lmevidence.sav.sk\/wp-content\/uploads\/2020\/09\/Lukas-Laffers-100x106.png 100w, http:\/\/www.lmevidence.sav.sk\/wp-content\/uploads\/2020\/09\/Lukas-Laffers-281x300.png 281w, http:\/\/www.lmevidence.sav.sk\/wp-content\/uploads\/2020\/09\/Lukas-Laffers.png 300w\" sizes=\"(max-width: 100px) 100vw, 100px\" \/>            \n                        <\/div>\n            <!-- \/image-wrap -->\n        \n        \n        <\/div>\n    <!-- \/module image -->\n\t        <\/div>\n\t    \t<\/div>\n\t\t<div  class=\"module_column tb-column col3-1 middle tb_28_column module_column_1 module_column_28-3-1 tb_3r2h462\" style=\"width: 27%\">\n\t    \t    \t        <div class=\"tb-column-inner\">\n\t\t    <!-- module text -->\n<div  class=\"module module-text tb_c3qf103    \">\n            <div  class=\"tb_text_wrap\">\n    <h1><a href=\"http:\/\/www.lukaslaffers.com\/\" target=\"_blank\" rel=\"noopener\">Luk\u00e1\u0161 Laffers<\/a><\/h1>    <\/div>\n<\/div>\n<!-- \/module text -->\n    <!-- module image -->\n    <div  class=\"module module-image tb_p75g684  image-center  \">\n\t                <div class=\"image-wrap\">\n                            <a href=\"http:\/\/www.fpv.umb.sk\/\"\n                                      >\n                                           <img decoding=\"async\" src=\"http:\/\/www.lmevidence.sav.sk\/wp-content\/uploads\/2020\/09\/matej-bel-100x100.jpg\" width=\"100\" class=\" wp-post-image wp-image-181\" alt=\"matej bel\" srcset=\"http:\/\/www.lmevidence.sav.sk\/wp-content\/uploads\/2020\/09\/matej-bel-100x100.jpg 100w, http:\/\/www.lmevidence.sav.sk\/wp-content\/uploads\/2020\/09\/matej-bel-150x150.jpg 150w, http:\/\/www.lmevidence.sav.sk\/wp-content\/uploads\/2020\/09\/matej-bel-80x80.jpg 80w, http:\/\/www.lmevidence.sav.sk\/wp-content\/uploads\/2020\/09\/matej-bel.jpg 225w\" sizes=\"(max-width: 100px) 100vw, 100px\" \/>                <\/a>\n            \n                        <\/div>\n            <!-- \/image-wrap -->\n        \n        \n        <\/div>\n    <!-- \/module image -->\n\t        <\/div>\n\t    \t<\/div>\n\t\t<div  class=\"module_column tb-column col3-1 last tb_28_column module_column_2 module_column_28-3-2 tb_bi7m462\" style=\"width: 51.6%\">\n\t    \t    \t        <div class=\"tb-column-inner\">\n\t\t    <!-- module text -->\n<div  class=\"module module-text tb_r43a685    \">\n            <div  class=\"tb_text_wrap\">\n    <ul>\n<li>\n<p><a title=\"Katedra matematiky | Fakulta pr\u00edrodn\u00fdch vied, Univerzita Mateja Bela\" href=\"http:\/\/www.fpv.umb.sk\/katedry\/katedra-matematiky\/\">Katedra matematiky<\/a>,\u00a0<a href=\"http:\/\/www.fpv.umb.sk\/en\/\" target=\"_blank\" rel=\"noopener\">Fakulta pr\u00edrodn\u00fdch vied<\/a>,\u00a0<a href=\"http:\/\/www.umb.sk\/\" target=\"_blank\" rel=\"noopener\">Univerzita Mateja Bela\u00a0<\/a>, Tajovsk\u00e9ho 40, 97411 Bansk\u00e1 Bystrica<\/p>\n<\/li>\n<li>\n<p><a href=\"https:\/\/orcid.org\/0000-0002-3141-3591\" target=\"orcid.widget\" rel=\"noopener noreferrer\">Orcid<\/a><\/p>\n<\/li>\n<li><a href=\"https:\/\/www.researchgate.net\/profile\/Lukas_Laffers\" target=\"_blank\" rel=\"noopener\">Researchgate<\/a><\/li>\n<li>lukas.laffers@gmail.com<\/li>\n<\/ul>    <\/div>\n<\/div>\n<!-- \/module text -->\n\t        <\/div>\n\t    \t<\/div>\n\t\t    <\/div>\n\t    <!-- \/row_inner -->\n\t<\/div>\n\t<!-- \/module_row -->\n\t<\/div>\n\n","protected":false},"excerpt":{"rendered":"<p>Miroslav \u0160tef\u00e1nik<\/p>\n","protected":false},"author":2,"featured_media":0,"parent":0,"menu_order":0,"comment_status":"closed","ping_status":"closed","template":"","meta":{"footnotes":""},"class_list":["post-28","page","type-page","status-publish","hentry","has-post-title","has-post-date","has-post-category","has-post-tag","has-post-comment","has-post-author",""],"builder_content":"<img decoding=\"async\" src=\"http:\/\/www.lmevidence.sav.sk\/wp-content\/uploads\/2020\/09\/Stefanik_Miroslav-100x133.jpg\" width=\"100\" alt=\"Stefanik_Miroslav\" srcset=\"http:\/\/www.lmevidence.sav.sk\/wp-content\/uploads\/2020\/09\/Stefanik_Miroslav-100x133.jpg 100w, http:\/\/www.lmevidence.sav.sk\/wp-content\/uploads\/2020\/09\/Stefanik_Miroslav.jpg 225w\" sizes=\"(max-width: 100px) 100vw, 100px\" \/>\n<h1 style=\"text-align: left;\">Miroslav \u0160tef\u00e1nik<\/h1>\n<a href=\"http:\/\/ekonom.sav.sk\/\" > <img decoding=\"async\" src=\"http:\/\/www.lmevidence.sav.sk\/wp-content\/uploads\/2020\/09\/logo_EU-SAV_mini-120x64.jpg\" width=\"120\" alt=\"logo_EU SAV_mini\" srcset=\"http:\/\/www.lmevidence.sav.sk\/wp-content\/uploads\/2020\/09\/logo_EU-SAV_mini-120x64.jpg 120w, http:\/\/www.lmevidence.sav.sk\/wp-content\/uploads\/2020\/09\/logo_EU-SAV_mini-300x161.jpg 300w, http:\/\/www.lmevidence.sav.sk\/wp-content\/uploads\/2020\/09\/logo_EU-SAV_mini-80x42.jpg 80w, http:\/\/www.lmevidence.sav.sk\/wp-content\/uploads\/2020\/09\/logo_EU-SAV_mini.jpg 628w\" sizes=\"(max-width: 120px) 100vw, 120px\" \/> <\/a>\n<ul> <li> <p><a href=\"http:\/\/ekonom.sav.sk\/sk\/oddelenia\/oddelenie-ekonomickeho-modelovania-a-analyz\" target=\"_blank\" rel=\"noopener\">Oddelenie ekonomick\u00e9ho modelovania a anal\u00fdz<\/a>,\u00a0<a href=\"http:\/\/ekonom.sav.sk\/sk\" target=\"_blank\" rel=\"noopener\">Ekonomick\u00fd \u00fastav Slovenskej akad\u00e9mie vied<\/a>, \u0160ancov\u00e1 56, 811 05 Bratislava<\/p> <\/li> <li><a href=\"https:\/\/orcid.org\/0000-0002-9993-7885\" target=\"_blank\" rel=\"noopener\">Orcid<\/a><\/li> <li><a href=\"https:\/\/www.researchgate.net\/profile\/Miroslav_Stefanik\" target=\"_blank\" rel=\"noopener\">Researchgate<\/a><\/li> <li>miroslav.stefanik@savba.sk<\/li> <\/ul>\n<img decoding=\"async\" src=\"http:\/\/www.lmevidence.sav.sk\/wp-content\/uploads\/2020\/09\/Tomas-Miklosovic-576x1024-100x177.jpg\" width=\"100\" alt=\"Tomas Miklosovic\" srcset=\"http:\/\/www.lmevidence.sav.sk\/wp-content\/uploads\/2020\/09\/Tomas-Miklosovic-576x1024-100x177.jpg 100w, http:\/\/www.lmevidence.sav.sk\/wp-content\/uploads\/2020\/09\/Tomas-Miklosovic-169x300.jpg 169w, http:\/\/www.lmevidence.sav.sk\/wp-content\/uploads\/2020\/09\/Tomas-Miklosovic-576x1024.jpg 576w, http:\/\/www.lmevidence.sav.sk\/wp-content\/uploads\/2020\/09\/Tomas-Miklosovic-768x1365.jpg 768w, http:\/\/www.lmevidence.sav.sk\/wp-content\/uploads\/2020\/09\/Tomas-Miklosovic-864x1536.jpg 864w, http:\/\/www.lmevidence.sav.sk\/wp-content\/uploads\/2020\/09\/Tomas-Miklosovic-rotated.jpg 1080w\" sizes=\"(max-width: 100px) 100vw, 100px\" \/>\n<h1><a href=\"http:\/\/www.tomasmiklosovic.sav.sk\/\">Tom\u00e1\u0161 Miklo\u0161ovi\u010d<\/a><\/h1>\n<a href=\"http:\/\/ekonom.sav.sk\/\" > <img decoding=\"async\" src=\"http:\/\/www.lmevidence.sav.sk\/wp-content\/uploads\/2020\/09\/logo_EU-SAV_mini-120x64.jpg\" width=\"120\" alt=\"logo_EU SAV_mini\" srcset=\"http:\/\/www.lmevidence.sav.sk\/wp-content\/uploads\/2020\/09\/logo_EU-SAV_mini-120x64.jpg 120w, http:\/\/www.lmevidence.sav.sk\/wp-content\/uploads\/2020\/09\/logo_EU-SAV_mini-300x161.jpg 300w, http:\/\/www.lmevidence.sav.sk\/wp-content\/uploads\/2020\/09\/logo_EU-SAV_mini-80x42.jpg 80w, http:\/\/www.lmevidence.sav.sk\/wp-content\/uploads\/2020\/09\/logo_EU-SAV_mini.jpg 628w\" sizes=\"(max-width: 120px) 100vw, 120px\" \/> <\/a>\n<ul> <li> <p><a href=\"http:\/\/ekonom.sav.sk\/sk\/oddelenia\/oddelenie-ekonomickeho-modelovania-a-analyz\" target=\"_blank\" rel=\"noopener\">Oddelenie ekonomick\u00e9ho modelovania a anal\u00fdz<\/a>,\u00a0<a href=\"http:\/\/ekonom.sav.sk\/sk\" target=\"_blank\" rel=\"noopener\">Ekonomick\u00fd \u00fastav Slovenskej akad\u00e9mie vied<\/a>, \u0160ancov\u00e1 56, 811 05 Bratislava<\/p> <\/li> <li><a href=\"https:\/\/orcid.org\/0000-0003-3104-0905\" target=\"_blank\" rel=\"noopener\">Orcid<\/a><\/li> <li><a href=\"https:\/\/www.researchgate.net\/profile\/Tomas_Miklosovic\" target=\"_blank\" rel=\"noopener\">Researchgate<\/a><\/li> <li>tomas.miklosovic@savba.sk<\/li> <\/ul>\n<img decoding=\"async\" src=\"http:\/\/www.lmevidence.sav.sk\/wp-content\/uploads\/2020\/09\/dano-100x100.jpg\" width=\"100\" alt=\"dano\" srcset=\"http:\/\/www.lmevidence.sav.sk\/wp-content\/uploads\/2020\/09\/dano-100x100.jpg 100w, http:\/\/www.lmevidence.sav.sk\/wp-content\/uploads\/2020\/09\/dano-150x150.jpg 150w, http:\/\/www.lmevidence.sav.sk\/wp-content\/uploads\/2020\/09\/dano.jpg 200w\" sizes=\"(max-width: 100px) 100vw, 100px\" \/>\n<h1>Daniel Gerbery<\/h1>\n<a href=\"https:\/\/fphil.uniba.sk\/\" > <img decoding=\"async\" src=\"http:\/\/www.lmevidence.sav.sk\/wp-content\/uploads\/2020\/09\/filozof-100x100.jpg\" width=\"100\" alt=\"filozof\" srcset=\"http:\/\/www.lmevidence.sav.sk\/wp-content\/uploads\/2020\/09\/filozof-100x100.jpg 100w, http:\/\/www.lmevidence.sav.sk\/wp-content\/uploads\/2020\/09\/filozof-150x150.jpg 150w, http:\/\/www.lmevidence.sav.sk\/wp-content\/uploads\/2020\/09\/filozof-80x80.jpg 80w, http:\/\/www.lmevidence.sav.sk\/wp-content\/uploads\/2020\/09\/filozof.jpg 224w\" sizes=\"(max-width: 100px) 100vw, 100px\" \/> <\/a>\n<ul> <li><a href=\"https:\/\/fphil.uniba.sk\/katedry-a-odborne-pracoviska\/katedra-sociologie\/\" target=\"_blank\" rel=\"noopener\">Katedra sociol\u00f3gie<\/a>,\u00a0<a href=\"https:\/\/fphil.uniba.sk\/\" target=\"_blank\" rel=\"noopener\">Filozofick\u00e1 fakulta<\/a>,\u00a0<a href=\"https:\/\/uniba.sk\/\" target=\"_blank\" rel=\"noopener\">Univerzita Komensk\u00e9ho<\/a>,\u00a0 Gondova ulica 2, 811 02\u00a0 Bratislava<\/li> <li> <p><a href=\"https:\/\/orcid.org\/0000-0002-7623-5549\" rel=\"noopener noreferrer\">Orcid<\/a><\/p> <\/li> <li><a href=\"https:\/\/www.researchgate.net\/profile\/Daniel_Gerbery\" target=\"_blank\" rel=\"noopener\">Researchgate<\/a><\/li> <li>daniel.gerbery@uniba.sk<\/li> <\/ul>\n<img decoding=\"async\" src=\"http:\/\/www.lmevidence.sav.sk\/wp-content\/uploads\/2020\/09\/Lukas-Laffers-100x106.png\" width=\"100\" alt=\"Lukas Laffers\" srcset=\"http:\/\/www.lmevidence.sav.sk\/wp-content\/uploads\/2020\/09\/Lukas-Laffers-100x106.png 100w, http:\/\/www.lmevidence.sav.sk\/wp-content\/uploads\/2020\/09\/Lukas-Laffers-281x300.png 281w, http:\/\/www.lmevidence.sav.sk\/wp-content\/uploads\/2020\/09\/Lukas-Laffers.png 300w\" sizes=\"(max-width: 100px) 100vw, 100px\" \/>\n<h1><a href=\"http:\/\/www.lukaslaffers.com\/\" target=\"_blank\" rel=\"noopener\">Luk\u00e1\u0161 Laffers<\/a><\/h1>\n<a href=\"http:\/\/www.fpv.umb.sk\/\" > <img decoding=\"async\" src=\"http:\/\/www.lmevidence.sav.sk\/wp-content\/uploads\/2020\/09\/matej-bel-100x100.jpg\" width=\"100\" alt=\"matej bel\" srcset=\"http:\/\/www.lmevidence.sav.sk\/wp-content\/uploads\/2020\/09\/matej-bel-100x100.jpg 100w, http:\/\/www.lmevidence.sav.sk\/wp-content\/uploads\/2020\/09\/matej-bel-150x150.jpg 150w, http:\/\/www.lmevidence.sav.sk\/wp-content\/uploads\/2020\/09\/matej-bel-80x80.jpg 80w, http:\/\/www.lmevidence.sav.sk\/wp-content\/uploads\/2020\/09\/matej-bel.jpg 225w\" sizes=\"(max-width: 100px) 100vw, 100px\" \/> <\/a>\n<ul> <li> <p><a title=\"Katedra matematiky | Fakulta pr\u00edrodn\u00fdch vied, Univerzita Mateja Bela\" href=\"http:\/\/www.fpv.umb.sk\/katedry\/katedra-matematiky\/\">Katedra matematiky<\/a>,\u00a0<a href=\"http:\/\/www.fpv.umb.sk\/en\/\" target=\"_blank\" rel=\"noopener\">Fakulta pr\u00edrodn\u00fdch vied<\/a>,\u00a0<a href=\"http:\/\/www.umb.sk\/\" target=\"_blank\" rel=\"noopener\">Univerzita Mateja Bela\u00a0<\/a>, Tajovsk\u00e9ho 40, 97411 Bansk\u00e1 Bystrica<\/p> <\/li> <li> <p><a href=\"https:\/\/orcid.org\/0000-0002-3141-3591\" target=\"orcid.widget\" rel=\"noopener noreferrer\">Orcid<\/a><\/p> <\/li> <li><a href=\"https:\/\/www.researchgate.net\/profile\/Lukas_Laffers\" target=\"_blank\" rel=\"noopener\">Researchgate<\/a><\/li> <li>lukas.laffers@gmail.com<\/li> <\/ul>","_links":{"self":[{"href":"http:\/\/www.lmevidence.sav.sk\/index.php?rest_route=\/wp\/v2\/pages\/28"}],"collection":[{"href":"http:\/\/www.lmevidence.sav.sk\/index.php?rest_route=\/wp\/v2\/pages"}],"about":[{"href":"http:\/\/www.lmevidence.sav.sk\/index.php?rest_route=\/wp\/v2\/types\/page"}],"author":[{"embeddable":true,"href":"http:\/\/www.lmevidence.sav.sk\/index.php?rest_route=\/wp\/v2\/users\/2"}],"replies":[{"embeddable":true,"href":"http:\/\/www.lmevidence.sav.sk\/index.php?rest_route=%2Fwp%2Fv2%2Fcomments&post=28"}],"version-history":[{"count":37,"href":"http:\/\/www.lmevidence.sav.sk\/index.php?rest_route=\/wp\/v2\/pages\/28\/revisions"}],"predecessor-version":[{"id":473,"href":"http:\/\/www.lmevidence.sav.sk\/index.php?rest_route=\/wp\/v2\/pages\/28\/revisions\/473"}],"wp:attachment":[{"href":"http:\/\/www.lmevidence.sav.sk\/index.php?rest_route=%2Fwp%2Fv2%2Fmedia&parent=28"}],"curies":[{"name":"wp","href":"https:\/\/api.w.org\/{rel}","templated":true}]}}