{"id":273,"date":"2020-11-10T11:38:55","date_gmt":"2020-11-10T10:38:55","guid":{"rendered":"http:\/\/www.lmevidence.sav.sk\/?page_id=273"},"modified":"2021-11-30T14:34:07","modified_gmt":"2021-11-30T13:34:07","slug":"microsim","status":"publish","type":"page","link":"http:\/\/www.lmevidence.sav.sk\/?page_id=273","title":{"rendered":"Microsim"},"content":{"rendered":"<div id=\"themify_builder_content-273\" data-postid=\"273\" class=\"themify_builder_content themify_builder_content-273 themify_builder\">\n    \t<!-- module_row -->\n\t<div   class=\"themify_builder_row module_row clearfix module_row_0 themify_builder_273_row module_row_273-0 tb_cslk695\">\n\t    \t    <div class=\"row_inner col_align_top\" >\n\t\t\t<div  class=\"module_column tb-column col-full first tb_273_column module_column_0 module_column_273-0-0 tb_200g695\">\n\t    \t    \t        <div class=\"tb-column-inner\">\n\t\t    <!-- module text -->\n<div  class=\"module module-text tb_f676702    \">\n            <div  class=\"tb_text_wrap\">\n    <h3 style=\"text-align: center;\">V r\u00e1mci tejto aktivity projektu sa rie\u0161ite\u013esk\u00fd kolekt\u00edv zaober\u00e1 met\u00f3dami mikrosimul\u00e1cie, aplik\u00e1ciou mikrosimula\u010dn\u00fdch modelov v podmienkach Slovenska a tvorbou progn\u00f3z trhu pr\u00e1ce ( s prepojen\u00edm makro ekonomick\u00fdch modelov ). Medzi jednotliv\u00e9 v\u00fdstupy tejto aktivity m\u00f4\u017eeme zahrn\u00fa\u0165:<\/h3>\n<p>\u00a0<\/p>\n<ul>\n<li>\n<h3>Rie\u0161itelia s\u00fa \u010dlenmi Medzin\u00e1rodnej mikrosimula\u010dnej asoci\u00e1cie (<a href=\"https:\/\/www.microsimulation.org\/\">IMA<\/a>).<\/h3>\n<\/li>\n<li>\n<h3>V r\u00e1mci pracovnej skupiny Special Interest Group in Dynamic Microsimulation a projektu EU-InGRID-2 rie\u0161itelia spolupracuj\u00fa na publik\u00e1ci\u00ed t\u00fdkaj\u00facej sa simulovania migr\u00e1cie v jednotliv\u00fdch krajin\u00e1ch Eur\u00f3py (prebieha).<\/h3>\n<\/li>\n<li>\n<h3>Rie\u0161itelia spolupracovali s \u00datvarom hodnoty za peniaze pri tvorbe rev\u00edzi\u00ed v\u00fddavkov s n\u00e1zvom &#8222;<a href=\"https:\/\/www.mfsr.sk\/sk\/financie\/hodnota-za-peniaze\/revizia-vydavkov\/revizia-vydavkov.html\">Zamestnanos\u0165 a mzdy vo verejnej spr\u00e1ve<\/a>&#8222;. Pri tvorbe tohto dokumentu bol vyu\u017eit\u00ed pr\u00e1ve mikrosimula\u010dn\u00fd model, ktor\u00fd vznikol aj pomocou tohto projektu.<\/h3>\n<\/li>\n<li>\n<h3>Rie\u0161itelia spolupracuj\u00fa s In\u0161tit\u00fatom vzdel\u00e1vacej politiky na Ministerstve \u0161kolstva, vedy, v\u00fdskumu a \u0161portu Slovenskej republiky na tvorbe mikrosimula\u010dn\u00e9ho modelu, ktor\u00fd bude predikova\u0165 po\u010dty \u0161tudentov na jednotliv\u00fdch stup\u0148och \u0161t\u00fadia v okresoch Slovenska. Model bude identifikova\u0165 potreby po\u010dtu u\u010dite\u013eov region\u00e1lneho \u0161kolstva v kr\u00e1tkodobom a strednodobom horizonte. (prebieha)\u00a0 \u00a0<\/h3>\n<\/li>\n<li>\n<h3>Model bol vyu\u017eit\u00ed na tvorbu predikci\u00ed trhu pr\u00e1ce, pri\u010dom dok\u00e1\u017ee detegova\u0165 nes\u00falad ponuky a dopytu. Uk\u00e1\u017eky pou\u017eitia mikrosimula\u010dn\u00e9ho modelu na tvorbu predikcie trhu pr\u00e1ce m\u00f4\u017eete n\u00e1js\u0165 vo viacer\u00fdch publik\u00e1ci\u00e1ch (<a href=\"http:\/\/ekonom.sav.sk\/sk\/publikacie\/-p395\">1<\/a>, <a href=\"http:\/\/ekonom.sav.sk\/sk\/publikacie\/-p390\">2<\/a>, <a href=\"http:\/\/ekonom.sav.sk\/sk\/publikacie\/-p405\">3<\/a>).<\/h3>\n<\/li>\n<li>\n<h3>Vyu\u017eitie spolu s metodikou slovensk\u00e9ho mikrosimula\u010dn\u00e9ho modelu bolo publikovan\u00e9 v <a href=\"https:\/\/microsimulation.pub\/articles\/00220\">Journal of Microsimulation<\/a>.<\/h3>\n<\/li>\n<li>\n<h3>V r\u00e1mci tejto aktivity vznikli aj analytick\u00e9 \u0161t\u00fadie, ktor\u00e9 sa zameriavali na ur\u010dit\u00e9 aspekty trhu pr\u00e1ce s vyu\u017eit\u00edm individu\u00e1lnych d\u00e1t. Anal\u00fdzy sa zameriavali na <a href=\"https:\/\/www.sav.sk\/index.php?lang=sk&amp;doc=journal-list&amp;part=article_response_page&amp;journal_article_no=18621\">pracovn\u00fa mobilitu<\/a> na trhu pr\u00e1ce a <a href=\"https:\/\/www.tandfonline.com\/doi\/full\/10.1080\/00128775.2021.1997145?src=\">mzdov\u00fa mobilitu<\/a>.\u00a0 Priebe\u017en\u00e9 v\u00fdsledky sa prezentovali aj na <a href=\"http:\/\/www.lmevidence.sav.sk\/data_uploads\/pozv\u00e1nka_na_semin\u00e1r.pdf\">semin\u00e1ri<\/a>, ktor\u00fd sa organizoval aj v\u010faka projektu.<\/h3>\n<\/li>\n<li>\n<h3>Verzia mikrosimula\u010dn\u00e9ho k\u00f3du SLAMM_microsim je <a href=\"https:\/\/github.com\/TomasMiklosovic\/SLAMM\">vo\u013ene dostupn\u00e1<\/a>. T\u00e1to verzia je naprogramovan\u00e1 v neplatenom softv\u00e9ri LIAM2.<\/h3>\n<\/li>\n<li>\n<h3>V snahe o pokra\u010dovanie v\u00fdskumu oh\u013eadne mikrosimula\u010dn\u00fdch modelov vyu\u017eite\u013en\u00fdch na Slovensku bol podan\u00fd aj nov\u00fd APVV projekt.<\/h3>\n<\/li>\n<\/ul>\n<p>\u00a0<\/p>\n<p>\u00a0<\/p>\n<p>\u00a0<\/p>    <\/div>\n<\/div>\n<!-- \/module text -->\n\t        <\/div>\n\t    \t<\/div>\n\t\t    <\/div>\n\t    <!-- \/row_inner -->\n\t<\/div>\n\t<!-- \/module_row -->\n\t<\/div>\n\n\n\n\n<p><\/p>\n","protected":false},"excerpt":{"rendered":"<p>V r\u00e1mci tejto aktivity projektu sa rie\u0161ite\u013esk\u00fd kolekt\u00edv zaober\u00e1 met\u00f3dami mikrosimul\u00e1cie, aplik\u00e1ciou mikrosimula\u010dn\u00fdch modelov v podmienkach Slovenska a tvorbou progn\u00f3z trhu pr\u00e1ce ( s prepojen\u00edm makro ekonomick\u00fdch modelov ). Medzi jednotliv\u00e9 v\u00fdstupy tejto aktivity m\u00f4\u017eeme zahrn\u00fa\u0165: \u00a0 Rie\u0161itelia s\u00fa \u010dlenmi Medzin\u00e1rodnej mikrosimula\u010dnej asoci\u00e1cie (IMA). V r\u00e1mci pracovnej skupiny Special Interest Group in Dynamic Microsimulation a [&hellip;]<\/p>\n","protected":false},"author":1,"featured_media":0,"parent":0,"menu_order":0,"comment_status":"closed","ping_status":"closed","template":"","meta":{"footnotes":""},"class_list":["post-273","page","type-page","status-publish","hentry","has-post-title","has-post-date","has-post-category","has-post-tag","has-post-comment","has-post-author",""],"builder_content":"<h3 style=\"text-align: center;\">V r\u00e1mci tejto aktivity projektu sa rie\u0161ite\u013esk\u00fd kolekt\u00edv zaober\u00e1 met\u00f3dami mikrosimul\u00e1cie, aplik\u00e1ciou mikrosimula\u010dn\u00fdch modelov v podmienkach Slovenska a tvorbou progn\u00f3z trhu pr\u00e1ce ( s prepojen\u00edm makro ekonomick\u00fdch modelov ). Medzi jednotliv\u00e9 v\u00fdstupy tejto aktivity m\u00f4\u017eeme zahrn\u00fa\u0165:<\/h3> <p>\u00a0<\/p> <ul> <li> <h3>Rie\u0161itelia s\u00fa \u010dlenmi Medzin\u00e1rodnej mikrosimula\u010dnej asoci\u00e1cie (<a href=\"https:\/\/www.microsimulation.org\/\">IMA<\/a>).<\/h3> <\/li> <li> <h3>V r\u00e1mci pracovnej skupiny Special Interest Group in Dynamic Microsimulation a projektu EU-InGRID-2 rie\u0161itelia spolupracuj\u00fa na publik\u00e1ci\u00ed t\u00fdkaj\u00facej sa simulovania migr\u00e1cie v jednotliv\u00fdch krajin\u00e1ch Eur\u00f3py (prebieha).<\/h3> <\/li> <li> <h3>Rie\u0161itelia spolupracovali s \u00datvarom hodnoty za peniaze pri tvorbe rev\u00edzi\u00ed v\u00fddavkov s n\u00e1zvom \"<a href=\"https:\/\/www.mfsr.sk\/sk\/financie\/hodnota-za-peniaze\/revizia-vydavkov\/revizia-vydavkov.html\">Zamestnanos\u0165 a mzdy vo verejnej spr\u00e1ve<\/a>\". Pri tvorbe tohto dokumentu bol vyu\u017eit\u00ed pr\u00e1ve mikrosimula\u010dn\u00fd model, ktor\u00fd vznikol aj pomocou tohto projektu.<\/h3> <\/li> <li> <h3>Rie\u0161itelia spolupracuj\u00fa s In\u0161tit\u00fatom vzdel\u00e1vacej politiky na Ministerstve \u0161kolstva, vedy, v\u00fdskumu a \u0161portu Slovenskej republiky na tvorbe mikrosimula\u010dn\u00e9ho modelu, ktor\u00fd bude predikova\u0165 po\u010dty \u0161tudentov na jednotliv\u00fdch stup\u0148och \u0161t\u00fadia v okresoch Slovenska. Model bude identifikova\u0165 potreby po\u010dtu u\u010dite\u013eov region\u00e1lneho \u0161kolstva v kr\u00e1tkodobom a strednodobom horizonte. (prebieha)\u00a0 \u00a0<\/h3> <\/li> <li> <h3>Model bol vyu\u017eit\u00ed na tvorbu predikci\u00ed trhu pr\u00e1ce, pri\u010dom dok\u00e1\u017ee detegova\u0165 nes\u00falad ponuky a dopytu. Uk\u00e1\u017eky pou\u017eitia mikrosimula\u010dn\u00e9ho modelu na tvorbu predikcie trhu pr\u00e1ce m\u00f4\u017eete n\u00e1js\u0165 vo viacer\u00fdch publik\u00e1ci\u00e1ch (<a href=\"http:\/\/ekonom.sav.sk\/sk\/publikacie\/-p395\">1<\/a>, <a href=\"http:\/\/ekonom.sav.sk\/sk\/publikacie\/-p390\">2<\/a>, <a href=\"http:\/\/ekonom.sav.sk\/sk\/publikacie\/-p405\">3<\/a>).<\/h3> <\/li> <li> <h3>Vyu\u017eitie spolu s metodikou slovensk\u00e9ho mikrosimula\u010dn\u00e9ho modelu bolo publikovan\u00e9 v <a href=\"https:\/\/microsimulation.pub\/articles\/00220\">Journal of Microsimulation<\/a>.<\/h3> <\/li> <li> <h3>V r\u00e1mci tejto aktivity vznikli aj analytick\u00e9 \u0161t\u00fadie, ktor\u00e9 sa zameriavali na ur\u010dit\u00e9 aspekty trhu pr\u00e1ce s vyu\u017eit\u00edm individu\u00e1lnych d\u00e1t. Anal\u00fdzy sa zameriavali na <a href=\"https:\/\/www.sav.sk\/index.php?lang=sk&amp;doc=journal-list&amp;part=article_response_page&amp;journal_article_no=18621\">pracovn\u00fa mobilitu<\/a> na trhu pr\u00e1ce a <a href=\"https:\/\/www.tandfonline.com\/doi\/full\/10.1080\/00128775.2021.1997145?src=\">mzdov\u00fa mobilitu<\/a>.\u00a0 Priebe\u017en\u00e9 v\u00fdsledky sa prezentovali aj na <a href=\"http:\/\/www.lmevidence.sav.sk\/data_uploads\/pozv\u00e1nka_na_semin\u00e1r.pdf\">semin\u00e1ri<\/a>, ktor\u00fd sa organizoval aj v\u010faka projektu.<\/h3> <\/li> <li> <h3>Verzia mikrosimula\u010dn\u00e9ho k\u00f3du SLAMM_microsim je <a href=\"https:\/\/github.com\/TomasMiklosovic\/SLAMM\">vo\u013ene dostupn\u00e1<\/a>. T\u00e1to verzia je naprogramovan\u00e1 v neplatenom softv\u00e9ri LIAM2.<\/h3> <\/li> <li> <h3>V snahe o pokra\u010dovanie v\u00fdskumu oh\u013eadne mikrosimula\u010dn\u00fdch modelov vyu\u017eite\u013en\u00fdch na Slovensku bol podan\u00fd aj nov\u00fd APVV projekt.<\/h3> <\/li> <\/ul> <p>\u00a0<\/p> <p>\u00a0<\/p> <p>\u00a0<\/p>","_links":{"self":[{"href":"http:\/\/www.lmevidence.sav.sk\/index.php?rest_route=\/wp\/v2\/pages\/273"}],"collection":[{"href":"http:\/\/www.lmevidence.sav.sk\/index.php?rest_route=\/wp\/v2\/pages"}],"about":[{"href":"http:\/\/www.lmevidence.sav.sk\/index.php?rest_route=\/wp\/v2\/types\/page"}],"author":[{"embeddable":true,"href":"http:\/\/www.lmevidence.sav.sk\/index.php?rest_route=\/wp\/v2\/users\/1"}],"replies":[{"embeddable":true,"href":"http:\/\/www.lmevidence.sav.sk\/index.php?rest_route=%2Fwp%2Fv2%2Fcomments&post=273"}],"version-history":[{"count":25,"href":"http:\/\/www.lmevidence.sav.sk\/index.php?rest_route=\/wp\/v2\/pages\/273\/revisions"}],"predecessor-version":[{"id":488,"href":"http:\/\/www.lmevidence.sav.sk\/index.php?rest_route=\/wp\/v2\/pages\/273\/revisions\/488"}],"wp:attachment":[{"href":"http:\/\/www.lmevidence.sav.sk\/index.php?rest_route=%2Fwp%2Fv2%2Fmedia&parent=273"}],"curies":[{"name":"wp","href":"https:\/\/api.w.org\/{rel}","templated":true}]}}