{"id":270,"date":"2020-11-10T11:38:31","date_gmt":"2020-11-10T10:38:31","guid":{"rendered":"http:\/\/www.lmevidence.sav.sk\/?page_id=270"},"modified":"2022-03-06T20:38:49","modified_gmt":"2022-03-06T19:38:49","slug":"aptp","status":"publish","type":"page","link":"http:\/\/www.lmevidence.sav.sk\/?page_id=270","title":{"rendered":"APTP"},"content":{"rendered":"<div id=\"themify_builder_content-270\" data-postid=\"270\" class=\"themify_builder_content themify_builder_content-270 themify_builder\">\n    \t<!-- module_row -->\n\t<div   class=\"themify_builder_row module_row clearfix module_row_0 themify_builder_270_row module_row_270-0 tb_po7u62\">\n\t    \t    <div class=\"row_inner col_align_top\" >\n\t\t\t<div  class=\"module_column tb-column col-full first tb_270_column module_column_0 module_column_270-0-0 tb_zg9862\">\n\t    \t    \t        <div class=\"tb-column-inner\">\n\t\t    <!-- module text -->\n<div  class=\"module module-text tb_yquj688    \">\n            <div  class=\"tb_text_wrap\">\n    <h3 style=\"text-align: center;\"><strong>\u0160t\u00fadie kvantifikuj\u00face dopad n\u00e1strojov akt\u00edvnej politiky trhu pr\u00e1ce <\/strong><\/h3>\n<p>Ide o dopadov\u00e9 \u0161t\u00fadie generovan\u00e9 pred-programovan\u00fdm k\u00f3dom sprac\u00favaj\u00facim \u00fadaje poskytnut\u00e9 \u00dastred\u00edm pr\u00e1ce, soci\u00e1lnych vec\u00ed a rodiny. Inform\u00e1cia je doplnen\u00e1 opisom programov na z\u00e1klade inform\u00e1cie z <a href=\"https:\/\/webgate.ec.europa.eu\/empl\/redisstat\/databrowser\/explore\/all\/lmp?lang=en&amp;display=card&amp;sort=category\">Datab\u00e1zy politiky trhu pr\u00e1ce<\/a>, ktor\u00fa spravuje Gener\u00e1lne riadite\u013estvo Eur\u00f3pskej komisie pre zamestnanos\u0165, soci\u00e1lne z\u00e1le\u017eitosti a inkl\u00faziu.<\/p>\n<p>\u0160t\u00fadia sleduje \u00fa\u010dastn\u00edkov n\u00e1strojov akt\u00edvnej politiky trhu pr\u00e1ce (APTP) z roku 2017 a vyhodnocuje ich n\u00e1sledn\u00fa (ne)pr\u00edtomnos\u0165 v datab\u00e1ze registrovan\u00fdch uch\u00e1dza\u010dov o zamestnanie po\u010das troch rokov od ukon\u010denia podpory (2018-2020). Dopad je kvantifikovan\u00fd porovnan\u00edm \u00fa\u010dastn\u00edkov s im podobn\u00fdmi dvoji\u010dkami met\u00f3dami propensity score matching ako aj inverse probability weighting. T\u00e1to metodika zoh\u013ead\u0148uje rozdiely v skladbe \u00fa\u010dastn\u00edkov a nepodporen\u00fdch uch\u00e1dza\u010dov o zamestnanie. \u0160t\u00fadie pre jednotliv\u00e9 n\u00e1stroje, v slovenskom aj anglickom jazyku, n\u00e1jdete ni\u017e\u0161ie. \u00a0<\/p>\n<h3 style=\"text-align: center;\"><strong>Automated reports on the impact of Slovak active labour market policies<\/strong><\/h3>\n<p>Reports are generated based on an automated code processing administrative data provided by the Central Office of Labour, Social Affairs and Family (Slovak Public Employment Service) and the information from the <a href=\"https:\/\/webgate.ec.europa.eu\/empl\/redisstat\/databrowser\/explore\/all\/lmp?lang=en&amp;display=card&amp;sort=category\">Labour Market Policy Database<\/a> administrated by the European Commission.<\/p>\n<p>Studies track participants from 2017 and evaluate their absence from registered unemployment three years after participation (2018-2020). We identify the impact based on a comparison with a balanced control group using techniques of propensity score matching and inverse probability weighting. Our strategy should account for observable differences in the composition of participants to eligible non-participants. Reports for particular programmes can be found below in Slovak and English.<\/p>\n<ul>\n<li>\n<p><strong>Pr\u00edspevok na podporu zamestn\u00e1vania znev\u00fdhodnen\u00e9ho uch\u00e1dza\u010da o zamestnanie\/Support for hiring disadvantaged job seekers (\u00a750) <a href=\"http:\/\/www.lmevidence.sav.sk\/data_uploads\/ALMPreps\/SK\/P050.html\">Slovensk\u00e1 verzia<\/a> \/ <a href=\"http:\/\/www.lmevidence.sav.sk\/data_uploads\/ALMPreps\/AJ\/P050.html\">English version<\/a> <\/strong><\/p>\n<\/li>\n<li>\n<p><strong>Pr\u00edspevok na podporu rozvoja miestnej a region\u00e1lnej zamestnanosti\/Support for the development of local and regional employment (\u00a750J)\u00a0 <a href=\"http:\/\/www.lmevidence.sav.sk\/data_uploads\/ALMPreps\/SK\/P50J.html\">Slovensk\u00e1 verzia<\/a> \/ <a href=\"http:\/\/www.lmevidence.sav.sk\/data_uploads\/ALMPreps\/AJ\/P50J.html\">English version<\/a>\u00a0 <\/strong><\/p>\n<\/li>\n<li>\n<p><strong> Pr\u00edspevok na vykon\u00e1vanie absolventskej praxe\/Support for graduate work experience (\u00a751) <a href=\"http:\/\/www.lmevidence.sav.sk\/data_uploads\/ALMPreps\/SK\/P051.html\">Slovensk\u00e1 verzia<\/a> \/ <a href=\"http:\/\/www.lmevidence.sav.sk\/data_uploads\/ALMPreps\/AJ\/P051.html\">English version<\/a>\u00a0 <\/strong><\/p>\n<\/li>\n<li>\n<p><strong> Pr\u00edspevok na podporu vytvorenia pracovn\u00e9ho miesta v prvom pravidelne platenom zamestnan\u00ed\/Incentives to hire young unemployed (&lt;25) into their first job (\u00a751A) <a href=\"http:\/\/www.lmevidence.sav.sk\/data_uploads\/ALMPreps\/SK\/P51A2.html\">Slovensk\u00e1 verzia<\/a> \/ <a href=\"http:\/\/www.lmevidence.sav.sk\/data_uploads\/ALMPreps\/AJ\/P51A2.html\">English version<\/a> <\/strong><\/p>\n<\/li>\n<li>\n<p><strong>Pr\u00edspevok na aktiva\u010dn\u00fa \u010dinnos\u0165 formou men\u0161\u00edch obecn\u00fdch slu\u017eieb pre obec alebo formou men\u0161\u00edch slu\u017eieb pre samospr\u00e1vny kraj\/Work in minor services for municipalities or self-governing regions (\u00a752) <a href=\"http:\/\/www.lmevidence.sav.sk\/data_uploads\/ALMPreps\/SK\/P052.html\">Slovensk\u00e1 verzia<\/a> \/ <a href=\"http:\/\/www.lmevidence.sav.sk\/data_uploads\/ALMPreps\/AJ\/P052.html\">English version<\/a> <\/strong><\/p>\n<\/li>\n<li>\n<p><strong>Pr\u00edspevok na aktiva\u010dn\u00fa \u010dinnos\u0165 formou dobrovo\u013en\u00edckej slu\u017eby\/Voluntary work (\u00a752A) <a href=\"http:\/\/www.lmevidence.sav.sk\/data_uploads\/ALMPreps\/SK\/P52A.html\">Slovensk\u00e1 verzia<\/a> \/ <a href=\"http:\/\/www.lmevidence.sav.sk\/data_uploads\/ALMPreps\/AJ\/P52A.html\">English version<\/a><\/strong><\/p>\n<\/li>\n<li>\n<p><strong>Pr\u00edspevok na doch\u00e1dzanie za pr\u00e1cou\/Commuting allowance (\u00a753) <a href=\"http:\/\/www.lmevidence.sav.sk\/data_uploads\/ALMPreps\/SK\/P053.html\">Slovensk\u00e1 verzia<\/a> \/ <a href=\"http:\/\/www.lmevidence.sav.sk\/data_uploads\/ALMPreps\/AJ\/P053.html\">English version<\/a> <\/strong><\/p>\n<\/li>\n<li>\n<p><strong>Pr\u00edspevok na podporu mobility za pr\u00e1cou\/Mobility allowance (\u00a753A) <a href=\"http:\/\/www.lmevidence.sav.sk\/data_uploads\/ALMPreps\/SK\/P53A.html\">Slovensk\u00e1 verzia<\/a> \/ <a href=\"http:\/\/www.lmevidence.sav.sk\/data_uploads\/ALMPreps\/AJ\/P53A.html\">English version<\/a>\u00a0 <br \/><\/strong><\/p>\n<\/li>\n<li>\n<p><strong>Vzdel\u00e1vanie poskytovan\u00e9 v r\u00e1mci projektu REPAS+\/Training provided under projects REPAS+ <a href=\"http:\/\/www.lmevidence.sav.sk\/data_uploads\/ALMPreps\/SK\/P54R.html\">Slovensk\u00e1 verzia<\/a> \/ <a href=\"http:\/\/www.lmevidence.sav.sk\/data_uploads\/ALMPreps\/AJ\/P54R.html\">English version<\/a> <br \/><\/strong><\/p>\n<\/li>\n<li><strong>Vzdel\u00e1vanie poskytovan\u00e9 v r\u00e1mci projektu KOMPAS+\/Training provided under projects KOMPAS+ <a href=\"http:\/\/www.lmevidence.sav.sk\/data_uploads\/ALMPreps\/SK\/P54K.html\">Slovensk\u00e1 verzia<\/a> \/ <a href=\"http:\/\/www.lmevidence.sav.sk\/data_uploads\/ALMPreps\/AJ\/P54K.html\">English version<\/a> <\/strong><\/li>\n<\/ul>    <\/div>\n<\/div>\n<!-- \/module text -->\n\t        <\/div>\n\t    \t<\/div>\n\t\t    <\/div>\n\t    <!-- \/row_inner -->\n\t<\/div>\n\t<!-- \/module_row -->\n\t<\/div>\n\n","protected":false},"excerpt":{"rendered":"<p>\u0160t\u00fadie kvantifikuj\u00face dopad n\u00e1strojov akt\u00edvnej politiky trhu pr\u00e1ce Ide o dopadov\u00e9 \u0161t\u00fadie generovan\u00e9 pred-programovan\u00fdm k\u00f3dom sprac\u00favaj\u00facim \u00fadaje poskytnut\u00e9 \u00dastred\u00edm pr\u00e1ce, soci\u00e1lnych vec\u00ed a rodiny. Inform\u00e1cia je doplnen\u00e1 opisom programov na z\u00e1klade inform\u00e1cie z Datab\u00e1zy politiky trhu pr\u00e1ce, ktor\u00fa spravuje Gener\u00e1lne riadite\u013estvo Eur\u00f3pskej komisie pre zamestnanos\u0165, soci\u00e1lne z\u00e1le\u017eitosti a inkl\u00faziu. \u0160t\u00fadia sleduje \u00fa\u010dastn\u00edkov n\u00e1strojov akt\u00edvnej politiky [&hellip;]<\/p>\n","protected":false},"author":1,"featured_media":0,"parent":0,"menu_order":0,"comment_status":"closed","ping_status":"closed","template":"","meta":{"footnotes":""},"class_list":["post-270","page","type-page","status-publish","hentry","has-post-title","has-post-date","has-post-category","has-post-tag","has-post-comment","has-post-author",""],"builder_content":"<h3 style=\"text-align: center;\"><strong>\u0160t\u00fadie kvantifikuj\u00face dopad n\u00e1strojov akt\u00edvnej politiky trhu pr\u00e1ce <\/strong><\/h3> <p>Ide o dopadov\u00e9 \u0161t\u00fadie generovan\u00e9 pred-programovan\u00fdm k\u00f3dom sprac\u00favaj\u00facim \u00fadaje poskytnut\u00e9 \u00dastred\u00edm pr\u00e1ce, soci\u00e1lnych vec\u00ed a rodiny. Inform\u00e1cia je doplnen\u00e1 opisom programov na z\u00e1klade inform\u00e1cie z <a href=\"https:\/\/webgate.ec.europa.eu\/empl\/redisstat\/databrowser\/explore\/all\/lmp?lang=en&amp;display=card&amp;sort=category\">Datab\u00e1zy politiky trhu pr\u00e1ce<\/a>, ktor\u00fa spravuje Gener\u00e1lne riadite\u013estvo Eur\u00f3pskej komisie pre zamestnanos\u0165, soci\u00e1lne z\u00e1le\u017eitosti a inkl\u00faziu.<\/p> <p>\u0160t\u00fadia sleduje \u00fa\u010dastn\u00edkov n\u00e1strojov akt\u00edvnej politiky trhu pr\u00e1ce (APTP) z roku 2017 a vyhodnocuje ich n\u00e1sledn\u00fa (ne)pr\u00edtomnos\u0165 v datab\u00e1ze registrovan\u00fdch uch\u00e1dza\u010dov o zamestnanie po\u010das troch rokov od ukon\u010denia podpory (2018-2020). Dopad je kvantifikovan\u00fd porovnan\u00edm \u00fa\u010dastn\u00edkov s im podobn\u00fdmi dvoji\u010dkami met\u00f3dami propensity score matching ako aj inverse probability weighting. T\u00e1to metodika zoh\u013ead\u0148uje rozdiely v skladbe \u00fa\u010dastn\u00edkov a nepodporen\u00fdch uch\u00e1dza\u010dov o zamestnanie. \u0160t\u00fadie pre jednotliv\u00e9 n\u00e1stroje, v slovenskom aj anglickom jazyku, n\u00e1jdete ni\u017e\u0161ie. \u00a0<\/p> <h3 style=\"text-align: center;\"><strong>Automated reports on the impact of Slovak active labour market policies<\/strong><\/h3> <p>Reports are generated based on an automated code processing administrative data provided by the Central Office of Labour, Social Affairs and Family (Slovak Public Employment Service) and the information from the <a href=\"https:\/\/webgate.ec.europa.eu\/empl\/redisstat\/databrowser\/explore\/all\/lmp?lang=en&amp;display=card&amp;sort=category\">Labour Market Policy Database<\/a> administrated by the European Commission.<\/p> <p>Studies track participants from 2017 and evaluate their absence from registered unemployment three years after participation (2018-2020). We identify the impact based on a comparison with a balanced control group using techniques of propensity score matching and inverse probability weighting. Our strategy should account for observable differences in the composition of participants to eligible non-participants. Reports for particular programmes can be found below in Slovak and English.<\/p> <ul> <li> <p><strong>Pr\u00edspevok na podporu zamestn\u00e1vania znev\u00fdhodnen\u00e9ho uch\u00e1dza\u010da o zamestnanie\/Support for hiring disadvantaged job seekers (\u00a750) <a href=\"http:\/\/www.lmevidence.sav.sk\/data_uploads\/ALMPreps\/SK\/P050.html\">Slovensk\u00e1 verzia<\/a> \/ <a href=\"http:\/\/www.lmevidence.sav.sk\/data_uploads\/ALMPreps\/AJ\/P050.html\">English version<\/a> <\/strong><\/p> <\/li> <li> <p><strong>Pr\u00edspevok na podporu rozvoja miestnej a region\u00e1lnej zamestnanosti\/Support for the development of local and regional employment (\u00a750J)\u00a0 <a href=\"http:\/\/www.lmevidence.sav.sk\/data_uploads\/ALMPreps\/SK\/P50J.html\">Slovensk\u00e1 verzia<\/a> \/ <a href=\"http:\/\/www.lmevidence.sav.sk\/data_uploads\/ALMPreps\/AJ\/P50J.html\">English version<\/a>\u00a0 <\/strong><\/p> <\/li> <li> <p><strong> Pr\u00edspevok na vykon\u00e1vanie absolventskej praxe\/Support for graduate work experience (\u00a751) <a href=\"http:\/\/www.lmevidence.sav.sk\/data_uploads\/ALMPreps\/SK\/P051.html\">Slovensk\u00e1 verzia<\/a> \/ <a href=\"http:\/\/www.lmevidence.sav.sk\/data_uploads\/ALMPreps\/AJ\/P051.html\">English version<\/a>\u00a0 <\/strong><\/p> <\/li> <li> <p><strong> Pr\u00edspevok na podporu vytvorenia pracovn\u00e9ho miesta v prvom pravidelne platenom zamestnan\u00ed\/Incentives to hire young unemployed (&lt;25) into their first job (\u00a751A) <a href=\"http:\/\/www.lmevidence.sav.sk\/data_uploads\/ALMPreps\/SK\/P51A2.html\">Slovensk\u00e1 verzia<\/a> \/ <a href=\"http:\/\/www.lmevidence.sav.sk\/data_uploads\/ALMPreps\/AJ\/P51A2.html\">English version<\/a> <\/strong><\/p> <\/li> <li> <p><strong>Pr\u00edspevok na aktiva\u010dn\u00fa \u010dinnos\u0165 formou men\u0161\u00edch obecn\u00fdch slu\u017eieb pre obec alebo formou men\u0161\u00edch slu\u017eieb pre samospr\u00e1vny kraj\/Work in minor services for municipalities or self-governing regions (\u00a752) <a href=\"http:\/\/www.lmevidence.sav.sk\/data_uploads\/ALMPreps\/SK\/P052.html\">Slovensk\u00e1 verzia<\/a> \/ <a href=\"http:\/\/www.lmevidence.sav.sk\/data_uploads\/ALMPreps\/AJ\/P052.html\">English version<\/a> <\/strong><\/p> <\/li> <li> <p><strong>Pr\u00edspevok na aktiva\u010dn\u00fa \u010dinnos\u0165 formou dobrovo\u013en\u00edckej slu\u017eby\/Voluntary work (\u00a752A) <a href=\"http:\/\/www.lmevidence.sav.sk\/data_uploads\/ALMPreps\/SK\/P52A.html\">Slovensk\u00e1 verzia<\/a> \/ <a href=\"http:\/\/www.lmevidence.sav.sk\/data_uploads\/ALMPreps\/AJ\/P52A.html\">English version<\/a><\/strong><\/p> <\/li> <li> <p><strong>Pr\u00edspevok na doch\u00e1dzanie za pr\u00e1cou\/Commuting allowance (\u00a753) <a href=\"http:\/\/www.lmevidence.sav.sk\/data_uploads\/ALMPreps\/SK\/P053.html\">Slovensk\u00e1 verzia<\/a> \/ <a href=\"http:\/\/www.lmevidence.sav.sk\/data_uploads\/ALMPreps\/AJ\/P053.html\">English version<\/a> <\/strong><\/p> <\/li> <li> <p><strong>Pr\u00edspevok na podporu mobility za pr\u00e1cou\/Mobility allowance (\u00a753A) <a href=\"http:\/\/www.lmevidence.sav.sk\/data_uploads\/ALMPreps\/SK\/P53A.html\">Slovensk\u00e1 verzia<\/a> \/ <a href=\"http:\/\/www.lmevidence.sav.sk\/data_uploads\/ALMPreps\/AJ\/P53A.html\">English version<\/a>\u00a0 <br \/><\/strong><\/p> <\/li> <li> <p><strong>Vzdel\u00e1vanie poskytovan\u00e9 v r\u00e1mci projektu REPAS+\/Training provided under projects REPAS+ <a href=\"http:\/\/www.lmevidence.sav.sk\/data_uploads\/ALMPreps\/SK\/P54R.html\">Slovensk\u00e1 verzia<\/a> \/ <a href=\"http:\/\/www.lmevidence.sav.sk\/data_uploads\/ALMPreps\/AJ\/P54R.html\">English version<\/a> <br \/><\/strong><\/p> <\/li> <li><strong>Vzdel\u00e1vanie poskytovan\u00e9 v r\u00e1mci projektu KOMPAS+\/Training provided under projects KOMPAS+ <a href=\"http:\/\/www.lmevidence.sav.sk\/data_uploads\/ALMPreps\/SK\/P54K.html\">Slovensk\u00e1 verzia<\/a> \/ <a href=\"http:\/\/www.lmevidence.sav.sk\/data_uploads\/ALMPreps\/AJ\/P54K.html\">English version<\/a> <\/strong><\/li> <\/ul>","_links":{"self":[{"href":"http:\/\/www.lmevidence.sav.sk\/index.php?rest_route=\/wp\/v2\/pages\/270"}],"collection":[{"href":"http:\/\/www.lmevidence.sav.sk\/index.php?rest_route=\/wp\/v2\/pages"}],"about":[{"href":"http:\/\/www.lmevidence.sav.sk\/index.php?rest_route=\/wp\/v2\/types\/page"}],"author":[{"embeddable":true,"href":"http:\/\/www.lmevidence.sav.sk\/index.php?rest_route=\/wp\/v2\/users\/1"}],"replies":[{"embeddable":true,"href":"http:\/\/www.lmevidence.sav.sk\/index.php?rest_route=%2Fwp%2Fv2%2Fcomments&post=270"}],"version-history":[{"count":23,"href":"http:\/\/www.lmevidence.sav.sk\/index.php?rest_route=\/wp\/v2\/pages\/270\/revisions"}],"predecessor-version":[{"id":491,"href":"http:\/\/www.lmevidence.sav.sk\/index.php?rest_route=\/wp\/v2\/pages\/270\/revisions\/491"}],"wp:attachment":[{"href":"http:\/\/www.lmevidence.sav.sk\/index.php?rest_route=%2Fwp%2Fv2%2Fmedia&parent=270"}],"curies":[{"name":"wp","href":"https:\/\/api.w.org\/{rel}","templated":true}]}}