{"id":13,"date":"2020-09-02T17:12:49","date_gmt":"2020-09-02T15:12:49","guid":{"rendered":"http:\/\/www.lmevidence.sav.sk\/?page_id=13"},"modified":"2021-11-15T10:30:15","modified_gmt":"2021-11-15T09:30:15","slug":"novinky","status":"publish","type":"page","link":"http:\/\/www.lmevidence.sav.sk\/?page_id=13","title":{"rendered":"Aktivity"},"content":{"rendered":"<div id=\"themify_builder_content-13\" data-postid=\"13\" class=\"themify_builder_content themify_builder_content-13 themify_builder\">\n    \t<!-- module_row -->\n\t<div   class=\"themify_builder_row module_row clearfix module_row_0 themify_builder_13_row module_row_13-0 tb_w2c8392\">\n\t    \t    <div class=\"row_inner col_align_top\" >\n\t\t\t<div  class=\"module_column tb-column col-full first tb_13_column module_column_0 module_column_13-0-0 tb_0rry392\">\n\t    \t    \t<\/div>\n\t\t    <\/div>\n\t    <!-- \/row_inner -->\n\t<\/div>\n\t<!-- \/module_row -->\n\t\t<!-- module_row -->\n\t<div  class=\"themify_builder_row module_row clearfix module_row_1 themify_builder_13_row module_row_13-1 tb_1r3u887\">\n\t    \t    <div class=\"row_inner col_align_top\" >\n\t\t\t<div  class=\"module_column tb-column col-full first tb_13_column module_column_0 module_column_13-1-0 tb_znl6888\">\n\t    \t    \t        <div class=\"tb-column-inner\">\n\t\t        <!-- module divider -->\n    <div  class=\"module module-divider tb_1z1l488 solid    \" style=\"border-width: 1px;border-color: #000000;\">\n\t            <\/div>\n    <!-- \/module divider -->\n<!-- module text -->\n<div  class=\"module module-text tb_jvom426    \">\n            <div  class=\"tb_text_wrap\">\n    <h3><strong>V\u00fdskumn\u00fd t\u00edm sa zaober\u00e1 troma hlavn\u00fdmi aktivitami v r\u00e1mci rie\u0161enia projektu:<\/strong><\/h3>\n<p>\u00a0<\/p>\n<ul>\n<li>\n<h5><strong><a href=\"http:\/\/www.lmevidence.sav.sk\/?page_id=273\">Tvorba mikrosimula\u010dn\u00e9ho modelu SLAMM<\/a> <\/strong>s jeho aplik\u00e1ciami v podmienkach Slovenska<\/h5>\n<\/li>\n<\/ul>\n<h5>\u00a0<\/h5>\n<ul>\n<li>\n<h5><strong><a href=\"http:\/\/www.lmevidence.sav.sk\/?page_id=270\">Vyhodnocovan\u00edm dopadov n\u00e1strojov akt\u00edvnej politiky trhu pr\u00e1ce (APTP) na Slovensku<\/a><\/strong><\/h5>\n<\/li>\n<\/ul>\n<h5>\u00a0<\/h5>\n<ul>\n<li>\n<h5><strong><a href=\"http:\/\/www.lmevidence.sav.sk\/?page_id=37\">Covid &#8211; 19<\/a> <\/strong>je aktivita pridan\u00e1 v reakci\u00ed na pand\u00e9miu<\/h5>\n<\/li>\n<\/ul>    <\/div>\n<\/div>\n<!-- \/module text -->\n\t        <\/div>\n\t    \t<\/div>\n\t\t    <\/div>\n\t    <!-- \/row_inner -->\n\t<\/div>\n\t<!-- \/module_row -->\n\t<\/div>\n\n","protected":false},"excerpt":{"rendered":"<p>V\u00fdskumn\u00fd t\u00edm sa zaober\u00e1 troma hlavn\u00fdmi aktivitami v r\u00e1mci rie\u0161enia projektu: \u00a0 Tvorba mikrosimula\u010dn\u00e9ho modelu SLAMM s jeho aplik\u00e1ciami v podmienkach Slovenska \u00a0 Vyhodnocovan\u00edm dopadov n\u00e1strojov akt\u00edvnej politiky trhu pr\u00e1ce (APTP) na Slovensku \u00a0 Covid &#8211; 19 je aktivita pridan\u00e1 v reakci\u00ed na pand\u00e9miu<\/p>\n","protected":false},"author":1,"featured_media":0,"parent":0,"menu_order":0,"comment_status":"closed","ping_status":"closed","template":"","meta":{"footnotes":""},"class_list":["post-13","page","type-page","status-publish","hentry","has-post-title","has-post-date","has-post-category","has-post-tag","has-post-comment","has-post-author",""],"builder_content":"\n<h3><strong>V\u00fdskumn\u00fd t\u00edm sa zaober\u00e1 troma hlavn\u00fdmi aktivitami v r\u00e1mci rie\u0161enia projektu:<\/strong><\/h3> <p>\u00a0<\/p> <ul> <li> <h5><strong><a href=\"http:\/\/www.lmevidence.sav.sk\/?page_id=273\">Tvorba mikrosimula\u010dn\u00e9ho modelu SLAMM<\/a> <\/strong>s jeho aplik\u00e1ciami v podmienkach Slovenska<\/h5> <\/li> <\/ul> <h5>\u00a0<\/h5> <ul> <li> <h5><strong><a href=\"http:\/\/www.lmevidence.sav.sk\/?page_id=270\">Vyhodnocovan\u00edm dopadov n\u00e1strojov akt\u00edvnej politiky trhu pr\u00e1ce (APTP) na Slovensku<\/a><\/strong><\/h5> <\/li> <\/ul> <h5>\u00a0<\/h5> <ul> <li> <h5><strong><a href=\"http:\/\/www.lmevidence.sav.sk\/?page_id=37\">Covid - 19<\/a> <\/strong>je aktivita pridan\u00e1 v reakci\u00ed na pand\u00e9miu<\/h5> <\/li> <\/ul>","_links":{"self":[{"href":"http:\/\/www.lmevidence.sav.sk\/index.php?rest_route=\/wp\/v2\/pages\/13"}],"collection":[{"href":"http:\/\/www.lmevidence.sav.sk\/index.php?rest_route=\/wp\/v2\/pages"}],"about":[{"href":"http:\/\/www.lmevidence.sav.sk\/index.php?rest_route=\/wp\/v2\/types\/page"}],"author":[{"embeddable":true,"href":"http:\/\/www.lmevidence.sav.sk\/index.php?rest_route=\/wp\/v2\/users\/1"}],"replies":[{"embeddable":true,"href":"http:\/\/www.lmevidence.sav.sk\/index.php?rest_route=%2Fwp%2Fv2%2Fcomments&post=13"}],"version-history":[{"count":42,"href":"http:\/\/www.lmevidence.sav.sk\/index.php?rest_route=\/wp\/v2\/pages\/13\/revisions"}],"predecessor-version":[{"id":480,"href":"http:\/\/www.lmevidence.sav.sk\/index.php?rest_route=\/wp\/v2\/pages\/13\/revisions\/480"}],"wp:attachment":[{"href":"http:\/\/www.lmevidence.sav.sk\/index.php?rest_route=%2Fwp%2Fv2%2Fmedia&parent=13"}],"curies":[{"name":"wp","href":"https:\/\/api.w.org\/{rel}","templated":true}]}}